{"id":17,"date":"2016-11-07T07:42:43","date_gmt":"2016-11-07T07:42:43","guid":{"rendered":"http:\/\/moralogia.org.br\/site\/?page_id=17"},"modified":"2018-03-26T10:28:29","modified_gmt":"2018-03-26T10:28:29","slug":"instituto-de-moralogia","status":"publish","type":"page","link":"https:\/\/www.moralogia.org.br\/site\/instituto-de-moralogia\/","title":{"rendered":"Instituto de Moralogia"},"content":{"rendered":"<p>[vc_row css_animation=&#8221;&#8221; row_type=&#8221;row&#8221; use_row_as_full_screen_section=&#8221;no&#8221; type=&#8221;full_width&#8221; angled_section=&#8221;no&#8221; text_align=&#8221;left&#8221; background_image_as_pattern=&#8221;without_pattern&#8221;][vc_column][vc_column_text]A sociedade atual passa por uma fase de grandes transforma\u00e7\u00f5es, e a maioria das pessoas encontra grandes obst\u00e1culos em descobrir um referencial ideal para uma vida social saud\u00e1vel. Preocupado com os rumos desta sociedade Hiroike fundou o Instituto de Moralogia (do Jap\u00e3o), em 1926. Hoje, o Instituto \u00e9 uma funda\u00e7\u00e3o de direito privado reconhecido pelo Minist\u00e9rio de Educa\u00e7\u00e3o do Jap\u00e3o como institui\u00e7\u00e3o de educa\u00e7\u00e3o escolar e social e de utilidade p\u00fablica. H\u00e1, no Jap\u00e3o, aproximadamente 50.000 membros associados.<\/p>\n<p>O Instituto de Moralogia visa \u00e0 educa\u00e7\u00e3o vital\u00edcia (educa\u00e7\u00e3o continuada) e \u00e0 educa\u00e7\u00e3o por gera\u00e7\u00f5es, e tem o prop\u00f3sito de contribuir para a constru\u00e7\u00e3o de uma sociedade cada vez mais sadia, humana, harmoniosa e, sobretudo, feliz.<\/p>\n<p>Moralogia visa n\u00e3o s\u00f3 \u00e0 compreens\u00e3o da parte te\u00f3rica, mas tamb\u00e9m, \u00e0 sua aplica\u00e7\u00e3o na vida cotidiana, n\u00e3o sendo um ensinamento para mera divulga\u00e7\u00e3o. Entender a teoria e assimilar essa teoria, ou seja, ficar imbu\u00eddo desse esp\u00edrito s\u00e3o situa\u00e7\u00f5es distintas. Muitas pessoas, entretanto, limitam-se a compreender a teoria e se equivocam ao julgar que j\u00e1 est\u00e3o praticando os ensinamentos em sua plenitude. SABER n\u00e3o \u00e9 o mesmo que SER. Precisamos evitar esses equ\u00edvocos e buscar a verdadeira maturidade, a perfei\u00e7\u00e3o. Para isso, os treinamentos e as pr\u00e1ticas morais cont\u00ednuas s\u00e3o necess\u00e1rios.<\/p>\n<p>Dessa forma, as atividades do Instituto de Moralogia s\u00e3o de cunho educacional e est\u00e3o centradas na realiza\u00e7\u00e3o de cursos, ciclo de palestras, semin\u00e1rios, grupos de estudos e reuni\u00f5es familiares. H\u00e1 tamb\u00e9m alguns eventos recreativos visando \u00e0 integra\u00e7\u00e3o e confraterniza\u00e7\u00e3o dos associados, mas a preocupa\u00e7\u00e3o principal dessas atividades est\u00e1 sempre voltada para o aprimoramento dos pensamentos e sentimentos no momento dos preparativos e dos eventos. A sede central em Chiba, a 30 km de T\u00f3quio, est\u00e1 situada num campus de aproximadamente 40 hectares, com modernas instala\u00e7\u00f5es projetadas para proporcionar um ambiente sadio, de harmonia e de fraternidade.<\/p>\n<p>No campus, h\u00e1 tamb\u00e9m a escola pr\u00e9-prim\u00e1ria, o col\u00e9gio e a Universidade Reitaku, reconhecida pela qualidade de seu ensino de economia e idiomas. Na sede central e nos seus Centros Educacionais, promovem-se anualmente dezenas de cursos e semin\u00e1rios, com dura\u00e7\u00e3o e p\u00fablicos-alvos diversificados como empres\u00e1rios, professores, administradores, senhoras, assalariados, estudantes, e tamb\u00e9m o p\u00fablico geral, procurando incentivar, no dia-a-dia do curso, o exerc\u00edcio dos princ\u00edpios desta ci\u00eancia.<\/p>\n<p>Em paralelo, por iniciativa de seus membros, promovem-se em todo o Jap\u00e3o milhares de reuni\u00f5es e ciclos de confer\u00eancias visando \u00e0 divulga\u00e7\u00e3o da ci\u00eancia e ao aprimoramento das pessoas. As atividades do Instituto constituem um aut\u00eantico movimento de despertar para uma nova moralidade, tendo como suporte principal a dedica\u00e7\u00e3o volunt\u00e1ria e espont\u00e2nea de seus membros em prol do melhoramento de suas respectivas comunidades locais. Hoje, o Centro de Pesquisas da Ci\u00eancia da Moral, do Instituto de Moralogia, prossegue desenvolvendo estudos e pesquisas da moralogia (ci\u00eancia da moral) de acordo com o que foi proposto por Hiroike em seu Tratado.<\/p>\n<h2>O Centro tem como objetivos:<\/h2>\n<p>(i) realizar estudos sobre \u00e9tica e moralidade especialmente sob a \u00f3tica da ci\u00eancia humana;<br \/>\n(ii) realizar pesquisas sobre a consci\u00eancia moral e estruturar um banco de dados internacional sobre educa\u00e7\u00e3o moral;<br \/>\n(iii) desenvolver estudos de temas atuais como \u00e9tica comercial, eco-\u00e9tica, bio-\u00e9tica e \u00e9tica familiar.<\/p>\n<p>O Centro pretende atuar como base de uma rede de institui\u00e7\u00f5es e \u00f3rg\u00e3os de pesquisa internacional, promovendo a comunica\u00e7\u00e3o e o interc\u00e2mbio entre pesquisadores e especialistas em \u00e9tica, no mundo inteiro.[\/vc_column_text][\/vc_column][\/vc_row][vc_row css_animation=&#8221;&#8221; row_type=&#8221;row&#8221; use_row_as_full_screen_section=&#8221;no&#8221; type=&#8221;full_width&#8221; angled_section=&#8221;no&#8221; text_align=&#8221;left&#8221; background_image_as_pattern=&#8221;without_pattern&#8221;][vc_column][vc_empty_space height=&#8221;25px&#8221;][vc_column_text]<\/p>\n<h2>Galeria de Fotos<\/h2>\n<p>[\/vc_column_text][vc_empty_space height=&#8221;25px&#8221;][vc_gallery interval=&#8221;0&#8243; images=&#8221;567,568,569,570,587,571,572,573,574,575,576,577,578,579,580,581,582,583,584,585,586&#8243; img_size=&#8221;full&#8221; onclick=&#8221;&#8221; direction_nav=&#8221;yes&#8221; control_nav=&#8221;yes&#8221; show_image_description=&#8221;yes&#8221;][\/vc_column][\/vc_row][vc_row css_animation=&#8221;&#8221; row_type=&#8221;row&#8221; use_row_as_full_screen_section=&#8221;no&#8221; type=&#8221;full_width&#8221; angled_section=&#8221;no&#8221; text_align=&#8221;left&#8221; background_image_as_pattern=&#8221;without_pattern&#8221;][vc_column][vc_column_text]<\/p>\n<h2>Resumo<\/h2>\n<p>O quadro a seguir mostra os principais fatos que ilustram a evolu\u00e7\u00e3o do Instituto de Moralogia, no Jap\u00e3o.<\/p>\n<p>\n<table id=\"tablepress-historia\" class=\"tablepress tablepress-id-historia\">\n<thead>\n<tr class=\"row-1 odd\">\n\t<th class=\"column-1\">ano<\/th><th class=\"column-2\">evento<\/th>\n<\/tr>\n<\/thead>\n<tbody class=\"row-hover\">\n<tr class=\"row-2 even\">\n\t<td class=\"column-1\">1926<\/td><td class=\"column-2\">Data de funda\u00e7\u00e3o do Instituto de Pesquisas da Ci\u00eancia da Moral, por Chikuro Hiroike<br \/>\n<\/td>\n<\/tr>\n<tr class=\"row-3 odd\">\n\t<td class=\"column-1\">1931<\/td><td class=\"column-2\">In\u00edcio das atividades de Educa\u00e7\u00e3o Social por meio da Moralogia com a Grande Confer\u00eancia, para empres\u00e1rios, no audit\u00f3rio do Jornal Mainichi Shimbun<br \/>\n<\/td>\n<\/tr>\n<tr class=\"row-4 even\">\n\t<td class=\"column-1\">1935<\/td><td class=\"column-2\">Instala\u00e7\u00e3o da Escola Superior de Ci\u00eancia da Moral e da Institui\u00e7\u00e3o Escolar Hiroike de Ensino Superior (atual Universidade Reitaku) na cidade de Kashiwa, prov\u00edncia de Chiba.<br \/>\n<\/td>\n<\/tr>\n<tr class=\"row-5 odd\">\n\t<td class=\"column-1\">1947<\/td><td class=\"column-2\">Homologa\u00e7\u00e3o do Instituto como uma Funda\u00e7\u00e3o Educacional, pelo Minist\u00e9rio da Educa\u00e7\u00e3o<br \/>\n<\/td>\n<\/tr>\n<tr class=\"row-6 even\">\n\t<td class=\"column-1\">1958<\/td><td class=\"column-2\">Primeira edi\u00e7\u00e3o da revista mensal Reirou<\/td>\n<\/tr>\n<tr class=\"row-7 odd\">\n\t<td class=\"column-1\">1959<\/td><td class=\"column-2\">Inaugura\u00e7\u00e3o do Curso Livre de Educa\u00e7\u00e3o Social em Mizunami, prov\u00edncia de Guifu<\/td>\n<\/tr>\n<tr class=\"row-8 even\">\n\t<td class=\"column-1\">1960<\/td><td class=\"column-2\">Inaugura\u00e7\u00e3o do Centro Educacional de Mizunami (Curso colegial em regime de internato total)<\/td>\n<\/tr>\n<tr class=\"row-9 odd\">\n\t<td class=\"column-1\">1962<\/td><td class=\"column-2\">Inaugura\u00e7\u00e3o do Pavilh\u00e3o do Memorial Chikuro Hiroike (museu e biblioteca particular)<br \/>\n<\/td>\n<\/tr>\n<tr class=\"row-10 even\">\n\t<td class=\"column-1\">1963<\/td><td class=\"column-2\">Primeiro Encontro Nacional de Educadores, sob o patroc\u00ednio do Minist\u00e9rio da Educa\u00e7\u00e3o (Desde ent\u00e3o, realizado anualmente no m\u00eas de agosto em todo o Jap\u00e3o)<br \/>\n<\/td>\n<\/tr>\n<tr class=\"row-11 odd\">\n\t<td class=\"column-1\">1964<\/td><td class=\"column-2\">Enviou ao Brasil a Primeira Miss\u00e3o de Divulga\u00e7\u00e3o<br \/>\n<\/td>\n<\/tr>\n<tr class=\"row-12 even\">\n\t<td class=\"column-1\">1966<\/td><td class=\"column-2\">Membro da Assembl\u00e9ia Nacional para o Desenvolvimento de Jovens<br \/>\n<\/td>\n<\/tr>\n<tr class=\"row-13 odd\">\n\t<td class=\"column-1\">1968<\/td><td class=\"column-2\">Enviou \u00e0 Cor\u00e9ia do Sul a Primeira Miss\u00e3o de Divulga\u00e7\u00e3o<br \/>\n<\/td>\n<\/tr>\n<tr class=\"row-14 even\">\n\t<td class=\"column-1\">1969<\/td><td class=\"column-2\">Membro do Conselho Nacional das Entidades de Desenvolvimento de Jovens. Primeira edi\u00e7\u00e3o da Revista Mensal Nova Moral e da Revista Administra\u00e7\u00e3o e Moral<br \/>\n<\/td>\n<\/tr>\n<tr class=\"row-15 odd\">\n\t<td class=\"column-1\">1972<\/td><td class=\"column-2\">Mudan\u00e7a da raz\u00e3o social para Instituto de Moralogia<br \/>\n<\/td>\n<\/tr>\n<tr class=\"row-16 even\">\n\t<td class=\"column-1\">1974<\/td><td class=\"column-2\">Membro do Conselho das Entidades de Educa\u00e7\u00e3o Social<br \/>\n<\/td>\n<\/tr>\n<tr class=\"row-17 odd\">\n\t<td class=\"column-1\">1976<\/td><td class=\"column-2\">Realiza\u00e7\u00e3o da Solenidade de 50 anos de Funda\u00e7\u00e3o<br \/>\n<\/td>\n<\/tr>\n<tr class=\"row-18 even\">\n\t<td class=\"column-1\">1987<\/td><td class=\"column-2\">Realiza\u00e7\u00e3o da Primeira Confer\u00eancia Internacional sobre Educa\u00e7\u00e3o Moral com o patroc\u00ednio do Minist\u00e9rio da Educa\u00e7\u00e3o<br \/>\n<\/td>\n<\/tr>\n<tr class=\"row-19 odd\">\n\t<td class=\"column-1\">1989<\/td><td class=\"column-2\">Realiza\u00e7\u00e3o da Confer\u00eancia Internacional sobre Cultura e Economia Asi\u00e1tica com o patroc\u00ednio dos Minist\u00e9rios da Ind\u00fastria e Com\u00e9rcio e Rela\u00e7\u00f5es Exteriores. Participa\u00e7\u00e3o no Festival Nacional sobre Educa\u00e7\u00e3o Vital\u00edcia, promovido pelo Minist\u00e9rio da Educa\u00e7\u00e3o. Desde ent\u00e3o, membro participante todos os anos.<br \/>\n<\/td>\n<\/tr>\n<tr class=\"row-20 even\">\n\t<td class=\"column-1\">1991<\/td><td class=\"column-2\">Confer\u00eancia Internacional de T\u00f3quio sobre \u00c9tica Comercial com o patroc\u00ednio dos Minist\u00e9rios da Ind\u00fastria e Com\u00e9rcio e Rela\u00e7\u00f5es Exteriores<br \/>\n<\/td>\n<\/tr>\n<tr class=\"row-21 odd\">\n\t<td class=\"column-1\">1995<\/td><td class=\"column-2\">Realiza\u00e7\u00e3o da Segunda Confer\u00eancia Internacional sobre Educa\u00e7\u00e3o Moral com o patroc\u00ednio do Minist\u00e9rio da Educa\u00e7\u00e3o<br \/>\n<\/td>\n<\/tr>\n<tr class=\"row-22 even\">\n\t<td class=\"column-1\">1996<\/td><td class=\"column-2\">Realiza\u00e7\u00e3o da Primeira Confer\u00eancia Mundial sobre \u00c9tica Comercial com o patroc\u00ednio dos Minist\u00e9rios da Educa\u00e7\u00e3o, Ind\u00fastria e Com\u00e9rcio, Rela\u00e7\u00f5es Exteriores, e Federa\u00e7\u00e3o das Institui\u00e7\u00f5es Econ\u00f4micas do Jap\u00e3o<br \/>\n<\/td>\n<\/tr>\n<tr class=\"row-23 odd\">\n\t<td class=\"column-1\">1997<\/td><td class=\"column-2\">Realiza\u00e7\u00e3o do Simp\u00f3sio de \u00c9tica Biom\u00e9dica<br \/>\n<\/td>\n<\/tr>\n<tr class=\"row-24 even\">\n\t<td class=\"column-1\">1999<\/td><td class=\"column-2\">Realiza\u00e7\u00e3o do Semin\u00e1rio sobre \u00c9tica Comercial <br \/>\n<\/td>\n<\/tr>\n<tr class=\"row-25 odd\">\n\t<td class=\"column-1\">2001<\/td><td class=\"column-2\">Realiza\u00e7\u00e3o da Solenidade de 75 anos de Funda\u00e7\u00e3o<br \/>\n<\/td>\n<\/tr>\n<tr class=\"row-26 even\">\n\t<td class=\"column-1\">2002<\/td><td class=\"column-2\">Realiza\u00e7\u00e3o da Confer\u00eancia Internacional de Ci\u00eancia da Moral<br \/>\n<\/td>\n<\/tr>\n<tr class=\"row-27 odd\">\n\t<td class=\"column-1\">2005<\/td><td class=\"column-2\">Co-organizador, em Paris, do Simp\u00f3sio Internacional sobre \u201cDiversidade Cultural e Valores Transversos: Di\u00e1logo Leste-Oeste sobre Din\u00e2mica Secular e Espiritual\u201d, juntamente com UNESCO e Centro Internacional de Pesquisas sobre Estudos Japoneses<br \/>\n<\/td>\n<\/tr>\n<tr class=\"row-28 even\">\n\t<td class=\"column-1\">2006<\/td><td class=\"column-2\">Publica\u00e7\u00e3o do Livro Branco sobre \u00c9tica e Moral<br \/>\n<\/td>\n<\/tr>\n<tr class=\"row-29 odd\">\n\t<td class=\"column-1\">2009<\/td><td class=\"column-2\">Realiza\u00e7\u00e3o da Segunda Confer\u00eancia Internacional de Ci\u00eancia da Moral<br \/>\n<\/td>\n<\/tr>\n<tr class=\"row-30 even\">\n\t<td class=\"column-1\">2010<br \/>\n<\/td><td class=\"column-2\">Homologa\u00e7\u00e3o como entidade de utilidade p\u00fablica<\/td>\n<\/tr>\n<\/tbody>\n<\/table>\n<!-- #tablepress-historia from cache -->[\/vc_column_text][\/vc_column][\/vc_row]<\/p>\n","protected":false},"excerpt":{"rendered":"<p>[vc_row css_animation=&#8221;&#8221; row_type=&#8221;row&#8221; use_row_as_full_screen_section=&#8221;no&#8221; type=&#8221;full_width&#8221; angled_section=&#8221;no&#8221; text_align=&#8221;left&#8221; background_image_as_pattern=&#8221;without_pattern&#8221;][vc_column][vc_column_text]A sociedade atual passa por uma fase de grandes transforma\u00e7\u00f5es, e a maioria das pessoas encontra grandes obst\u00e1culos em descobrir um referencial ideal para uma vida social saud\u00e1vel. Preocupado com os rumos desta sociedade Hiroike fundou o Instituto&#8230;<\/p>\n","protected":false},"author":2,"featured_media":0,"parent":0,"menu_order":0,"comment_status":"closed","ping_status":"closed","template":"","meta":[],"yoast_head":"<!-- This site is optimized with the Yoast SEO plugin v19.10 - https:\/\/yoast.com\/wordpress\/plugins\/seo\/ -->\n<title>Instituto de Moralogia - Instituto de Moralogia do Brasil<\/title>\n<meta name=\"robots\" content=\"index, follow, max-snippet:-1, max-image-preview:large, max-video-preview:-1\" \/>\n<link rel=\"canonical\" href=\"https:\/\/www.moralogia.org.br\/site\/instituto-de-moralogia\/\" \/>\n<meta property=\"og:locale\" content=\"pt_BR\" \/>\n<meta property=\"og:type\" content=\"article\" \/>\n<meta property=\"og:title\" content=\"Instituto de Moralogia - Instituto de Moralogia do Brasil\" \/>\n<meta property=\"og:description\" content=\"[vc_row css_animation=&#8221;&#8221; row_type=&#8221;row&#8221; use_row_as_full_screen_section=&#8221;no&#8221; type=&#8221;full_width&#8221; angled_section=&#8221;no&#8221; text_align=&#8221;left&#8221; background_image_as_pattern=&#8221;without_pattern&#8221;][vc_column][vc_column_text]A sociedade atual passa por uma fase de grandes transforma\u00e7\u00f5es, e a maioria das pessoas encontra grandes obst\u00e1culos em descobrir um referencial ideal para uma vida social saud\u00e1vel. Preocupado com os rumos desta sociedade Hiroike fundou o Instituto...\" \/>\n<meta property=\"og:url\" content=\"https:\/\/www.moralogia.org.br\/site\/instituto-de-moralogia\/\" \/>\n<meta property=\"og:site_name\" content=\"Instituto de Moralogia do Brasil\" \/>\n<meta property=\"article:modified_time\" content=\"2018-03-26T10:28:29+00:00\" \/>\n<meta name=\"twitter:card\" content=\"summary_large_image\" \/>\n<meta name=\"twitter:label1\" content=\"Est. tempo de leitura\" \/>\n\t<meta name=\"twitter:data1\" content=\"4 minutos\" \/>\n<script type=\"application\/ld+json\" class=\"yoast-schema-graph\">{\"@context\":\"https:\/\/schema.org\",\"@graph\":[{\"@type\":\"WebPage\",\"@id\":\"https:\/\/www.moralogia.org.br\/site\/instituto-de-moralogia\/\",\"url\":\"https:\/\/www.moralogia.org.br\/site\/instituto-de-moralogia\/\",\"name\":\"Instituto de Moralogia - Instituto de Moralogia do Brasil\",\"isPartOf\":{\"@id\":\"https:\/\/www.moralogia.org.br\/site\/#website\"},\"datePublished\":\"2016-11-07T07:42:43+00:00\",\"dateModified\":\"2018-03-26T10:28:29+00:00\",\"breadcrumb\":{\"@id\":\"https:\/\/www.moralogia.org.br\/site\/instituto-de-moralogia\/#breadcrumb\"},\"inLanguage\":\"pt-BR\",\"potentialAction\":[{\"@type\":\"ReadAction\",\"target\":[\"https:\/\/www.moralogia.org.br\/site\/instituto-de-moralogia\/\"]}]},{\"@type\":\"BreadcrumbList\",\"@id\":\"https:\/\/www.moralogia.org.br\/site\/instituto-de-moralogia\/#breadcrumb\",\"itemListElement\":[{\"@type\":\"ListItem\",\"position\":1,\"name\":\"Home\",\"item\":\"https:\/\/www.moralogia.org.br\/site\/\"},{\"@type\":\"ListItem\",\"position\":2,\"name\":\"Instituto de Moralogia\"}]},{\"@type\":\"WebSite\",\"@id\":\"https:\/\/www.moralogia.org.br\/site\/#website\",\"url\":\"https:\/\/www.moralogia.org.br\/site\/\",\"name\":\"Instituto de Moralogia do Brasil\",\"description\":\"&quot;Pratique a nobreza divina e a nobreza humana naturalmente o acompanhar\u00e1&quot;\",\"potentialAction\":[{\"@type\":\"SearchAction\",\"target\":{\"@type\":\"EntryPoint\",\"urlTemplate\":\"https:\/\/www.moralogia.org.br\/site\/?s={search_term_string}\"},\"query-input\":\"required name=search_term_string\"}],\"inLanguage\":\"pt-BR\"}]}<\/script>\n<!-- \/ Yoast SEO plugin. -->","yoast_head_json":{"title":"Instituto de Moralogia - Instituto de Moralogia do Brasil","robots":{"index":"index","follow":"follow","max-snippet":"max-snippet:-1","max-image-preview":"max-image-preview:large","max-video-preview":"max-video-preview:-1"},"canonical":"https:\/\/www.moralogia.org.br\/site\/instituto-de-moralogia\/","og_locale":"pt_BR","og_type":"article","og_title":"Instituto de Moralogia - Instituto de Moralogia do Brasil","og_description":"[vc_row css_animation=&#8221;&#8221; row_type=&#8221;row&#8221; use_row_as_full_screen_section=&#8221;no&#8221; type=&#8221;full_width&#8221; angled_section=&#8221;no&#8221; text_align=&#8221;left&#8221; background_image_as_pattern=&#8221;without_pattern&#8221;][vc_column][vc_column_text]A sociedade atual passa por uma fase de grandes transforma\u00e7\u00f5es, e a maioria das pessoas encontra grandes obst\u00e1culos em descobrir um referencial ideal para uma vida social saud\u00e1vel. Preocupado com os rumos desta sociedade Hiroike fundou o Instituto...","og_url":"https:\/\/www.moralogia.org.br\/site\/instituto-de-moralogia\/","og_site_name":"Instituto de Moralogia do Brasil","article_modified_time":"2018-03-26T10:28:29+00:00","twitter_card":"summary_large_image","twitter_misc":{"Est. tempo de leitura":"4 minutos"},"schema":{"@context":"https:\/\/schema.org","@graph":[{"@type":"WebPage","@id":"https:\/\/www.moralogia.org.br\/site\/instituto-de-moralogia\/","url":"https:\/\/www.moralogia.org.br\/site\/instituto-de-moralogia\/","name":"Instituto de Moralogia - Instituto de Moralogia do Brasil","isPartOf":{"@id":"https:\/\/www.moralogia.org.br\/site\/#website"},"datePublished":"2016-11-07T07:42:43+00:00","dateModified":"2018-03-26T10:28:29+00:00","breadcrumb":{"@id":"https:\/\/www.moralogia.org.br\/site\/instituto-de-moralogia\/#breadcrumb"},"inLanguage":"pt-BR","potentialAction":[{"@type":"ReadAction","target":["https:\/\/www.moralogia.org.br\/site\/instituto-de-moralogia\/"]}]},{"@type":"BreadcrumbList","@id":"https:\/\/www.moralogia.org.br\/site\/instituto-de-moralogia\/#breadcrumb","itemListElement":[{"@type":"ListItem","position":1,"name":"Home","item":"https:\/\/www.moralogia.org.br\/site\/"},{"@type":"ListItem","position":2,"name":"Instituto de Moralogia"}]},{"@type":"WebSite","@id":"https:\/\/www.moralogia.org.br\/site\/#website","url":"https:\/\/www.moralogia.org.br\/site\/","name":"Instituto de Moralogia do Brasil","description":"&quot;Pratique a nobreza divina e a nobreza humana naturalmente o acompanhar\u00e1&quot;","potentialAction":[{"@type":"SearchAction","target":{"@type":"EntryPoint","urlTemplate":"https:\/\/www.moralogia.org.br\/site\/?s={search_term_string}"},"query-input":"required name=search_term_string"}],"inLanguage":"pt-BR"}]}},"_links":{"self":[{"href":"https:\/\/www.moralogia.org.br\/site\/wp-json\/wp\/v2\/pages\/17"}],"collection":[{"href":"https:\/\/www.moralogia.org.br\/site\/wp-json\/wp\/v2\/pages"}],"about":[{"href":"https:\/\/www.moralogia.org.br\/site\/wp-json\/wp\/v2\/types\/page"}],"author":[{"embeddable":true,"href":"https:\/\/www.moralogia.org.br\/site\/wp-json\/wp\/v2\/users\/2"}],"replies":[{"embeddable":true,"href":"https:\/\/www.moralogia.org.br\/site\/wp-json\/wp\/v2\/comments?post=17"}],"version-history":[{"count":52,"href":"https:\/\/www.moralogia.org.br\/site\/wp-json\/wp\/v2\/pages\/17\/revisions"}],"predecessor-version":[{"id":1080,"href":"https:\/\/www.moralogia.org.br\/site\/wp-json\/wp\/v2\/pages\/17\/revisions\/1080"}],"wp:attachment":[{"href":"https:\/\/www.moralogia.org.br\/site\/wp-json\/wp\/v2\/media?parent=17"}],"curies":[{"name":"wp","href":"https:\/\/api.w.org\/{rel}","templated":true}]}}