{"id":32,"date":"2016-11-07T15:45:05","date_gmt":"2016-11-07T15:45:05","guid":{"rendered":"http:\/\/moralogia.org.br\/site\/?page_id=32"},"modified":"2018-12-23T00:28:43","modified_gmt":"2018-12-23T00:28:43","slug":"links","status":"publish","type":"page","link":"https:\/\/www.moralogia.org.br\/site\/links\/","title":{"rendered":"Links"},"content":{"rendered":"<p>\u2022 Centro de Pesquisas de Ci\u00eancia da Moral (japon\u00eas)<br \/>\n<a href=\"http:\/\/www.moralogy.jp\/\" target=\"_blank\" rel=\"noopener\">http:\/\/www.moralogy.jp\/<\/a><\/p>\n<p>\u2022 Website de Chikuro Hiroike (japon\u00eas)<br \/>\n<a href=\"http:\/\/www.hiroike-chikuro.jp\/\" target=\"_blank\" rel=\"noopener\">http:\/\/www.hiroike-chikuro.jp\/<\/a><\/p>\n<p>\u2022 Institui\u00e7\u00e3o Educacional Hiroike Gakuen (japon\u00eas)<br \/>\n<a href=\"http:\/\/www.reitaku.jp\/\" target=\"_blank\" rel=\"noopener\">http:\/\/www.reitaku.jp\/<\/a><\/p>\n<p>\u2022 Col\u00e9gio Reitaku (em japon\u00eas)<br \/>\n<a href=\"http:\/\/www.hs.reitaku.jp\/\" target=\"_blank\" rel=\"noopener\">http:\/\/www.hs.reitaku.jp\/<\/a><\/p>\n<p>\u2022 Col\u00e9gio Reitaku de Mizunami (japon\u00eas)<br \/>\n<a href=\"http:\/\/www.mz.reitaku.jp\/\" target=\"_blank\" rel=\"noopener\">http:\/\/www.mz.reitaku.jp\/<\/a><\/p>\n<p>\u2022 Escola pr\u00e9-prim\u00e1ria de Reitaku (japon\u00eas)<br \/>\n<a href=\"http:\/\/www.kg.reitaku.jp\/\" target=\"_blank\" rel=\"noopener\">http:\/\/www.kg.reitaku.jp\/<\/a><\/p>\n","protected":false},"excerpt":{"rendered":"<p>\u2022 Centro de Pesquisas de Ci\u00eancia da Moral (japon\u00eas) http:\/\/www.moralogy.jp\/ \u2022 Website de Chikuro Hiroike (japon\u00eas) http:\/\/www.hiroike-chikuro.jp\/ \u2022 Institui\u00e7\u00e3o Educacional Hiroike Gakuen (japon\u00eas) http:\/\/www.reitaku.jp\/ \u2022 Col\u00e9gio Reitaku (em japon\u00eas) http:\/\/www.hs.reitaku.jp\/ \u2022 Col\u00e9gio Reitaku de Mizunami (japon\u00eas) http:\/\/www.mz.reitaku.jp\/ \u2022 Escola pr\u00e9-prim\u00e1ria de Reitaku (japon\u00eas) http:\/\/www.kg.reitaku.jp\/<\/p>\n","protected":false},"author":2,"featured_media":0,"parent":0,"menu_order":0,"comment_status":"closed","ping_status":"closed","template":"","meta":[],"yoast_head":"<!-- This site is optimized with the Yoast SEO plugin v19.10 - https:\/\/yoast.com\/wordpress\/plugins\/seo\/ -->\n<title>Links - Instituto de Moralogia do Brasil<\/title>\n<meta name=\"robots\" content=\"index, follow, max-snippet:-1, max-image-preview:large, max-video-preview:-1\" \/>\n<link rel=\"canonical\" href=\"https:\/\/www.moralogia.org.br\/site\/links\/\" \/>\n<meta property=\"og:locale\" content=\"pt_BR\" \/>\n<meta property=\"og:type\" content=\"article\" \/>\n<meta property=\"og:title\" content=\"Links - Instituto de Moralogia do Brasil\" \/>\n<meta property=\"og:description\" content=\"\u2022 Centro de Pesquisas de Ci\u00eancia da Moral (japon\u00eas) http:\/\/www.moralogy.jp\/ \u2022 Website de Chikuro Hiroike (japon\u00eas) http:\/\/www.hiroike-chikuro.jp\/ \u2022 Institui\u00e7\u00e3o Educacional Hiroike Gakuen (japon\u00eas) http:\/\/www.reitaku.jp\/ \u2022 Col\u00e9gio Reitaku (em japon\u00eas) http:\/\/www.hs.reitaku.jp\/ \u2022 Col\u00e9gio Reitaku de Mizunami (japon\u00eas) http:\/\/www.mz.reitaku.jp\/ \u2022 Escola pr\u00e9-prim\u00e1ria de Reitaku (japon\u00eas) http:\/\/www.kg.reitaku.jp\/\" \/>\n<meta property=\"og:url\" content=\"https:\/\/www.moralogia.org.br\/site\/links\/\" \/>\n<meta property=\"og:site_name\" content=\"Instituto de Moralogia do Brasil\" \/>\n<meta property=\"article:modified_time\" content=\"2018-12-23T00:28:43+00:00\" \/>\n<meta name=\"twitter:card\" content=\"summary_large_image\" \/>\n<script type=\"application\/ld+json\" class=\"yoast-schema-graph\">{\"@context\":\"https:\/\/schema.org\",\"@graph\":[{\"@type\":\"WebPage\",\"@id\":\"https:\/\/www.moralogia.org.br\/site\/links\/\",\"url\":\"https:\/\/www.moralogia.org.br\/site\/links\/\",\"name\":\"Links - Instituto de Moralogia do Brasil\",\"isPartOf\":{\"@id\":\"https:\/\/www.moralogia.org.br\/site\/#website\"},\"datePublished\":\"2016-11-07T15:45:05+00:00\",\"dateModified\":\"2018-12-23T00:28:43+00:00\",\"breadcrumb\":{\"@id\":\"https:\/\/www.moralogia.org.br\/site\/links\/#breadcrumb\"},\"inLanguage\":\"pt-BR\",\"potentialAction\":[{\"@type\":\"ReadAction\",\"target\":[\"https:\/\/www.moralogia.org.br\/site\/links\/\"]}]},{\"@type\":\"BreadcrumbList\",\"@id\":\"https:\/\/www.moralogia.org.br\/site\/links\/#breadcrumb\",\"itemListElement\":[{\"@type\":\"ListItem\",\"position\":1,\"name\":\"Home\",\"item\":\"https:\/\/www.moralogia.org.br\/site\/\"},{\"@type\":\"ListItem\",\"position\":2,\"name\":\"Links\"}]},{\"@type\":\"WebSite\",\"@id\":\"https:\/\/www.moralogia.org.br\/site\/#website\",\"url\":\"https:\/\/www.moralogia.org.br\/site\/\",\"name\":\"Instituto de Moralogia do Brasil\",\"description\":\"&quot;Pratique a nobreza divina e a nobreza humana naturalmente o acompanhar\u00e1&quot;\",\"potentialAction\":[{\"@type\":\"SearchAction\",\"target\":{\"@type\":\"EntryPoint\",\"urlTemplate\":\"https:\/\/www.moralogia.org.br\/site\/?s={search_term_string}\"},\"query-input\":\"required name=search_term_string\"}],\"inLanguage\":\"pt-BR\"}]}<\/script>\n<!-- \/ Yoast SEO plugin. -->","yoast_head_json":{"title":"Links - Instituto de Moralogia do Brasil","robots":{"index":"index","follow":"follow","max-snippet":"max-snippet:-1","max-image-preview":"max-image-preview:large","max-video-preview":"max-video-preview:-1"},"canonical":"https:\/\/www.moralogia.org.br\/site\/links\/","og_locale":"pt_BR","og_type":"article","og_title":"Links - Instituto de Moralogia do Brasil","og_description":"\u2022 Centro de Pesquisas de Ci\u00eancia da Moral (japon\u00eas) http:\/\/www.moralogy.jp\/ \u2022 Website de Chikuro Hiroike (japon\u00eas) http:\/\/www.hiroike-chikuro.jp\/ \u2022 Institui\u00e7\u00e3o Educacional Hiroike Gakuen (japon\u00eas) http:\/\/www.reitaku.jp\/ \u2022 Col\u00e9gio Reitaku (em japon\u00eas) http:\/\/www.hs.reitaku.jp\/ \u2022 Col\u00e9gio Reitaku de Mizunami (japon\u00eas) http:\/\/www.mz.reitaku.jp\/ \u2022 Escola pr\u00e9-prim\u00e1ria de Reitaku (japon\u00eas) http:\/\/www.kg.reitaku.jp\/","og_url":"https:\/\/www.moralogia.org.br\/site\/links\/","og_site_name":"Instituto de Moralogia do Brasil","article_modified_time":"2018-12-23T00:28:43+00:00","twitter_card":"summary_large_image","schema":{"@context":"https:\/\/schema.org","@graph":[{"@type":"WebPage","@id":"https:\/\/www.moralogia.org.br\/site\/links\/","url":"https:\/\/www.moralogia.org.br\/site\/links\/","name":"Links - Instituto de Moralogia do Brasil","isPartOf":{"@id":"https:\/\/www.moralogia.org.br\/site\/#website"},"datePublished":"2016-11-07T15:45:05+00:00","dateModified":"2018-12-23T00:28:43+00:00","breadcrumb":{"@id":"https:\/\/www.moralogia.org.br\/site\/links\/#breadcrumb"},"inLanguage":"pt-BR","potentialAction":[{"@type":"ReadAction","target":["https:\/\/www.moralogia.org.br\/site\/links\/"]}]},{"@type":"BreadcrumbList","@id":"https:\/\/www.moralogia.org.br\/site\/links\/#breadcrumb","itemListElement":[{"@type":"ListItem","position":1,"name":"Home","item":"https:\/\/www.moralogia.org.br\/site\/"},{"@type":"ListItem","position":2,"name":"Links"}]},{"@type":"WebSite","@id":"https:\/\/www.moralogia.org.br\/site\/#website","url":"https:\/\/www.moralogia.org.br\/site\/","name":"Instituto de Moralogia do Brasil","description":"&quot;Pratique a nobreza divina e a nobreza humana naturalmente o acompanhar\u00e1&quot;","potentialAction":[{"@type":"SearchAction","target":{"@type":"EntryPoint","urlTemplate":"https:\/\/www.moralogia.org.br\/site\/?s={search_term_string}"},"query-input":"required name=search_term_string"}],"inLanguage":"pt-BR"}]}},"_links":{"self":[{"href":"https:\/\/www.moralogia.org.br\/site\/wp-json\/wp\/v2\/pages\/32"}],"collection":[{"href":"https:\/\/www.moralogia.org.br\/site\/wp-json\/wp\/v2\/pages"}],"about":[{"href":"https:\/\/www.moralogia.org.br\/site\/wp-json\/wp\/v2\/types\/page"}],"author":[{"embeddable":true,"href":"https:\/\/www.moralogia.org.br\/site\/wp-json\/wp\/v2\/users\/2"}],"replies":[{"embeddable":true,"href":"https:\/\/www.moralogia.org.br\/site\/wp-json\/wp\/v2\/comments?post=32"}],"version-history":[{"count":20,"href":"https:\/\/www.moralogia.org.br\/site\/wp-json\/wp\/v2\/pages\/32\/revisions"}],"predecessor-version":[{"id":1258,"href":"https:\/\/www.moralogia.org.br\/site\/wp-json\/wp\/v2\/pages\/32\/revisions\/1258"}],"wp:attachment":[{"href":"https:\/\/www.moralogia.org.br\/site\/wp-json\/wp\/v2\/media?parent=32"}],"curies":[{"name":"wp","href":"https:\/\/api.w.org\/{rel}","templated":true}]}}