{"id":4,"date":"2016-11-07T07:09:59","date_gmt":"2016-11-07T07:09:59","guid":{"rendered":"http:\/\/moralogia.org.br\/site\/?page_id=4"},"modified":"2018-12-22T10:52:53","modified_gmt":"2018-12-22T10:52:53","slug":"home","status":"publish","type":"page","link":"https:\/\/www.moralogia.org.br\/site\/","title":{"rendered":"home"},"content":{"rendered":"<p>[vc_row css_animation=&#8221;&#8221; row_type=&#8221;row&#8221; use_row_as_full_screen_section=&#8221;no&#8221; type=&#8221;full_width&#8221; angled_section=&#8221;no&#8221; text_align=&#8221;left&#8221; background_image_as_pattern=&#8221;without_pattern&#8221;][vc_column][vc_empty_space][vc_text_separator title=&#8221;Moralogia &#8221; border=&#8221;no&#8221;][\/vc_column][\/vc_row][vc_row css_animation=&#8221;&#8221; row_type=&#8221;row&#8221; use_row_as_full_screen_section=&#8221;yes&#8221; type=&#8221;full_width&#8221; angled_section=&#8221;no&#8221; text_align=&#8221;left&#8221; background_image_as_pattern=&#8221;without_pattern&#8221; background_color=&#8221;#ffffff&#8221; row_negative_margin=&#8221;disable_negative_margin&#8221; side_padding=&#8221;2&#8243; padding_top=&#8221;20&#8243; css=&#8221;.vc_custom_1484247216670{margin-top: 0px !important;margin-right: 0px !important;margin-bottom: 0px !important;margin-left: 0px !important;}&#8221;][vc_column width=&#8221;1\/4&#8243;][vc_single_image image=&#8221;808&#8243; img_size=&#8221;full&#8221; alignment=&#8221;center&#8221; qode_css_animation=&#8221;&#8221;][vc_empty_space][\/vc_column][vc_column width=&#8221;1\/4&#8243;][vc_column_text]<\/p>\n<h3>O que \u00e9 moralogia?<\/h3>\n<p>Moralogia \u00e9 uma ci\u00eancia que enaltece a import\u00e2ncia da eleva\u00e7\u00e3o do car\u00e1ter e as pr\u00e1ticas morais visando ao aprimoramento interior.<br \/>\n<a href=\"http:\/\/moralogia.org.br\/site\/moralogia\/\">leia mais<\/a>[\/vc_column_text][\/vc_column][vc_column width=&#8221;1\/4&#8243;][vc_single_image image=&#8221;804&#8243; img_size=&#8221;full&#8221; alignment=&#8221;center&#8221; qode_css_animation=&#8221;&#8221;][vc_empty_space][\/vc_column][vc_column width=&#8221;1\/4&#8243;][vc_column_text]<\/p>\n<h3>Chikuro Hiroike<\/h3>\n<p>Grande pesquisador de ci\u00eancias humanas e sociais dedicou-se inteiramente aos estudos e \u2013 mesmo com a sa\u00fade debilitada \u2013 concluiu em 1926, ap\u00f3s anos de sacrif\u00edcio, a obra \u201cTratado da Ci\u00eancia da Moral\u201d.<br \/>\n<a href=\"http:\/\/moralogia.org.br\/site\/fundador\/\">leia mais<\/a>[\/vc_column_text][\/vc_column][\/vc_row][vc_row css_animation=&#8221;&#8221; row_type=&#8221;row&#8221; use_row_as_full_screen_section=&#8221;no&#8221; type=&#8221;full_width&#8221; angled_section=&#8221;no&#8221; text_align=&#8221;left&#8221; background_image_as_pattern=&#8221;without_pattern&#8221; row_negative_margin=&#8221;disable_negative_margin&#8221; side_padding=&#8221;2&#8243; padding_top=&#8221;20&#8243;][vc_column width=&#8221;1\/4&#8243;][vc_single_image image=&#8221;805&#8243; img_size=&#8221;full&#8221; qode_css_animation=&#8221;&#8221;][vc_empty_space][vc_column_text]<\/p>\n<h3>Instituto de Moralogia<\/h3>\n<p>Funda\u00e7\u00e3o de direito privado reconhecido pelo Minist\u00e9rio de Educa\u00e7\u00e3o do Jap\u00e3o como institui\u00e7\u00e3o de educa\u00e7\u00e3o escolar e social e de utilidade p\u00fablica.<br \/>\n<a href=\"http:\/\/moralogia.org.br\/site\/instituto-de-moralogia\/\">leia mais<\/a>[\/vc_column_text][\/vc_column][vc_column width=&#8221;1\/4&#8243;][vc_single_image image=&#8221;807&#8243; img_size=&#8221;full&#8221; qode_css_animation=&#8221;&#8221;][vc_empty_space][vc_column_text]<\/p>\n<h3>Moralogia no Brasil<\/h3>\n<p>Tem como objetivo promover o aprimoramento cultural, social, educacional e moral do homem, visando \u00e0 sua melhor integra\u00e7\u00e3o na sociedade.<br \/>\n<a href=\"http:\/\/moralogia.org.br\/site\/moralogia-no-brasil\/\">leia mais<\/a>[\/vc_column_text][\/vc_column][vc_column width=&#8221;1\/4&#8243;][vc_single_image image=&#8221;801&#8243; img_size=&#8221;full&#8221; qode_css_animation=&#8221;&#8221;][vc_empty_space][vc_column_text]<\/p>\n<h3>Atividades<\/h3>\n<p>S\u00e3o realizadas no Centro Educacional de Itapeti, onde h\u00e1 4 cursos intensivos por ano al\u00e9m de diversos semin\u00e1rios de fim de semana para todas as idades.<br \/>\n<a href=\"http:\/\/moralogia.org.br\/site\/atividades\/\">leia mais<\/a>[\/vc_column_text][\/vc_column][vc_column width=&#8221;1\/4&#8243;][vc_single_image image=&#8221;803&#8243; img_size=&#8221;full&#8221; qode_css_animation=&#8221;&#8221;][vc_empty_space][vc_column_text]<\/p>\n<h3>Centro Educacional<\/h3>\n<p>As instala\u00e7\u00f5es no munic\u00edpio de Mogi das Cruzes comportam cerca de 70 pessoas e tem como objetivo oferecer cursos para o aprimoramento atrav\u00e9s do conv\u00edvio comunit\u00e1rio.<br \/>\n<a href=\"http:\/\/moralogia.org.br\/site\/centro-educacional-itapeti\/\">leia mais<\/a>[\/vc_column_text][\/vc_column][\/vc_row][vc_row css_animation=&#8221;&#8221; row_type=&#8221;row&#8221; use_row_as_full_screen_section=&#8221;no&#8221; type=&#8221;full_width&#8221; angled_section=&#8221;no&#8221; text_align=&#8221;left&#8221; background_image_as_pattern=&#8221;without_pattern&#8221;][vc_column][vc_empty_space][vc_text_separator title=&#8221;Outras informa\u00e7\u00f5es&#8221; border=&#8221;no&#8221;][\/vc_column][\/vc_row][vc_row css_animation=&#8221;&#8221; row_type=&#8221;row&#8221; use_row_as_full_screen_section=&#8221;no&#8221; type=&#8221;full_width&#8221; angled_section=&#8221;no&#8221; text_align=&#8221;left&#8221; background_image_as_pattern=&#8221;without_pattern&#8221; row_negative_margin=&#8221;disable_negative_margin&#8221; side_padding=&#8221;2&#8243; padding_top=&#8221;20&#8243;][vc_column width=&#8221;1\/3&#8243;][vc_single_image image=&#8221;810&#8243; img_size=&#8221;full&#8221; qode_css_animation=&#8221;&#8221;][vc_empty_space][vc_column_text]<\/p>\n<h3>Reflex\u00f5es<\/h3>\n<p>Sele\u00e7\u00e3o de alguns manuscritos de Chikuro Hiroike e explica\u00e7\u00f5es. 50 reflex\u00f5es para o caminho da perfei\u00e7\u00e3o.<br \/>\n<a href=\"http:\/\/moralogia.org.br\/site\/reflexoes\/\">leia mais<\/a>[\/vc_column_text][\/vc_column][vc_column width=&#8221;1\/3&#8243;][vc_single_image image=&#8221;809&#8243; img_size=&#8221;full&#8221; qode_css_animation=&#8221;&#8221;][vc_empty_space][vc_column_text]<\/p>\n<h3>Publica\u00e7\u00f5es<\/h3>\n<p>Lista de publica\u00e7\u00f5es em japon\u00eas, al\u00e9m de algumas traduzidas para o ingl\u00eas ou o portugu\u00eas.<br \/>\n<a href=\"http:\/\/moralogia.org.br\/site\/publicacoes\/\">leia mais<\/a>[\/vc_column_text][\/vc_column][vc_column width=&#8221;1\/3&#8243;][vc_single_image image=&#8221;802&#8243; img_size=&#8221;full&#8221; qode_css_animation=&#8221;&#8221;][vc_empty_space][vc_column_text]<\/p>\n<h3>Calend\u00e1rio Anual<\/h3>\n<p>Veja aqui o nosso calend\u00e1rio anual com as principais atividades e as datas.<br \/>\n<a href=\"http:\/\/moralogia.org.br\/site\/calendario-anual\/\">leia mais<\/a>[\/vc_column_text][\/vc_column][\/vc_row][vc_row css_animation=&#8221;&#8221; row_type=&#8221;row&#8221; use_row_as_full_screen_section=&#8221;no&#8221; type=&#8221;full_width&#8221; angled_section=&#8221;no&#8221; text_align=&#8221;left&#8221; background_image_as_pattern=&#8221;without_pattern&#8221;][vc_column][vc_empty_space][\/vc_column][\/vc_row]<\/p>\n","protected":false},"excerpt":{"rendered":"<p>[vc_row css_animation=&#8221;&#8221; row_type=&#8221;row&#8221; use_row_as_full_screen_section=&#8221;no&#8221; type=&#8221;full_width&#8221; angled_section=&#8221;no&#8221; text_align=&#8221;left&#8221; background_image_as_pattern=&#8221;without_pattern&#8221;][vc_column][vc_empty_space][vc_text_separator title=&#8221;Moralogia &#8221; border=&#8221;no&#8221;][\/vc_column][\/vc_row][vc_row css_animation=&#8221;&#8221; row_type=&#8221;row&#8221; use_row_as_full_screen_section=&#8221;yes&#8221; type=&#8221;full_width&#8221; angled_section=&#8221;no&#8221; text_align=&#8221;left&#8221; background_image_as_pattern=&#8221;without_pattern&#8221; background_color=&#8221;#ffffff&#8221; row_negative_margin=&#8221;disable_negative_margin&#8221; side_padding=&#8221;2&#8243; padding_top=&#8221;20&#8243; css=&#8221;.vc_custom_1484247216670{margin-top: 0px !important;margin-right: 0px !important;margin-bottom: 0px !important;margin-left: 0px !important;}&#8221;][vc_column width=&#8221;1\/4&#8243;][vc_single_image image=&#8221;808&#8243; img_size=&#8221;full&#8221; alignment=&#8221;center&#8221; qode_css_animation=&#8221;&#8221;][vc_empty_space][\/vc_column][vc_column width=&#8221;1\/4&#8243;][vc_column_text] O que \u00e9 moralogia? Moralogia \u00e9 uma ci\u00eancia&#8230;<\/p>\n","protected":false},"author":2,"featured_media":0,"parent":0,"menu_order":0,"comment_status":"closed","ping_status":"closed","template":"full_width.php","meta":[],"yoast_head":"<!-- This site is optimized with the Yoast SEO plugin v19.10 - https:\/\/yoast.com\/wordpress\/plugins\/seo\/ -->\n<title>home - Instituto de Moralogia do Brasil<\/title>\n<meta name=\"robots\" content=\"index, follow, max-snippet:-1, max-image-preview:large, max-video-preview:-1\" \/>\n<link rel=\"canonical\" href=\"https:\/\/www.moralogia.org.br\/site\/\" \/>\n<meta property=\"og:locale\" content=\"pt_BR\" \/>\n<meta property=\"og:type\" content=\"article\" \/>\n<meta property=\"og:title\" content=\"home - Instituto de Moralogia do Brasil\" \/>\n<meta property=\"og:description\" content=\"[vc_row css_animation=&#8221;&#8221; row_type=&#8221;row&#8221; use_row_as_full_screen_section=&#8221;no&#8221; type=&#8221;full_width&#8221; angled_section=&#8221;no&#8221; text_align=&#8221;left&#8221; background_image_as_pattern=&#8221;without_pattern&#8221;][vc_column][vc_empty_space][vc_text_separator title=&#8221;Moralogia &#8221; border=&#8221;no&#8221;][\/vc_column][\/vc_row][vc_row css_animation=&#8221;&#8221; row_type=&#8221;row&#8221; use_row_as_full_screen_section=&#8221;yes&#8221; type=&#8221;full_width&#8221; angled_section=&#8221;no&#8221; text_align=&#8221;left&#8221; background_image_as_pattern=&#8221;without_pattern&#8221; background_color=&#8221;#ffffff&#8221; row_negative_margin=&#8221;disable_negative_margin&#8221; side_padding=&#8221;2&#8243; padding_top=&#8221;20&#8243; css=&#8221;.vc_custom_1484247216670{margin-top: 0px !important;margin-right: 0px !important;margin-bottom: 0px !important;margin-left: 0px !important;}&#8221;][vc_column width=&#8221;1\/4&#8243;][vc_single_image image=&#8221;808&#8243; img_size=&#8221;full&#8221; alignment=&#8221;center&#8221; qode_css_animation=&#8221;&#8221;][vc_empty_space][\/vc_column][vc_column width=&#8221;1\/4&#8243;][vc_column_text] O que \u00e9 moralogia? Moralogia \u00e9 uma ci\u00eancia...\" \/>\n<meta property=\"og:url\" content=\"https:\/\/www.moralogia.org.br\/site\/\" \/>\n<meta property=\"og:site_name\" content=\"Instituto de Moralogia do Brasil\" \/>\n<meta property=\"article:modified_time\" content=\"2018-12-22T10:52:53+00:00\" \/>\n<meta name=\"twitter:card\" content=\"summary_large_image\" \/>\n<meta name=\"twitter:label1\" content=\"Est. tempo de leitura\" \/>\n\t<meta name=\"twitter:data1\" content=\"4 minutos\" \/>\n<script type=\"application\/ld+json\" class=\"yoast-schema-graph\">{\"@context\":\"https:\/\/schema.org\",\"@graph\":[{\"@type\":\"WebPage\",\"@id\":\"https:\/\/www.moralogia.org.br\/site\/\",\"url\":\"https:\/\/www.moralogia.org.br\/site\/\",\"name\":\"home - Instituto de Moralogia do Brasil\",\"isPartOf\":{\"@id\":\"https:\/\/www.moralogia.org.br\/site\/#website\"},\"datePublished\":\"2016-11-07T07:09:59+00:00\",\"dateModified\":\"2018-12-22T10:52:53+00:00\",\"breadcrumb\":{\"@id\":\"https:\/\/www.moralogia.org.br\/site\/#breadcrumb\"},\"inLanguage\":\"pt-BR\",\"potentialAction\":[{\"@type\":\"ReadAction\",\"target\":[\"https:\/\/www.moralogia.org.br\/site\/\"]}]},{\"@type\":\"BreadcrumbList\",\"@id\":\"https:\/\/www.moralogia.org.br\/site\/#breadcrumb\",\"itemListElement\":[{\"@type\":\"ListItem\",\"position\":1,\"name\":\"Home\",\"item\":\"https:\/\/www.moralogia.org.br\/site\/\"},{\"@type\":\"ListItem\",\"position\":2,\"name\":\"home\"}]},{\"@type\":\"WebSite\",\"@id\":\"https:\/\/www.moralogia.org.br\/site\/#website\",\"url\":\"https:\/\/www.moralogia.org.br\/site\/\",\"name\":\"Instituto de Moralogia do Brasil\",\"description\":\"&quot;Pratique a nobreza divina e a nobreza humana naturalmente o acompanhar\u00e1&quot;\",\"potentialAction\":[{\"@type\":\"SearchAction\",\"target\":{\"@type\":\"EntryPoint\",\"urlTemplate\":\"https:\/\/www.moralogia.org.br\/site\/?s={search_term_string}\"},\"query-input\":\"required name=search_term_string\"}],\"inLanguage\":\"pt-BR\"}]}<\/script>\n<!-- \/ Yoast SEO plugin. -->","yoast_head_json":{"title":"home - Instituto de Moralogia do Brasil","robots":{"index":"index","follow":"follow","max-snippet":"max-snippet:-1","max-image-preview":"max-image-preview:large","max-video-preview":"max-video-preview:-1"},"canonical":"https:\/\/www.moralogia.org.br\/site\/","og_locale":"pt_BR","og_type":"article","og_title":"home - Instituto de Moralogia do Brasil","og_description":"[vc_row css_animation=&#8221;&#8221; row_type=&#8221;row&#8221; use_row_as_full_screen_section=&#8221;no&#8221; type=&#8221;full_width&#8221; angled_section=&#8221;no&#8221; text_align=&#8221;left&#8221; background_image_as_pattern=&#8221;without_pattern&#8221;][vc_column][vc_empty_space][vc_text_separator title=&#8221;Moralogia &#8221; border=&#8221;no&#8221;][\/vc_column][\/vc_row][vc_row css_animation=&#8221;&#8221; row_type=&#8221;row&#8221; use_row_as_full_screen_section=&#8221;yes&#8221; type=&#8221;full_width&#8221; angled_section=&#8221;no&#8221; text_align=&#8221;left&#8221; background_image_as_pattern=&#8221;without_pattern&#8221; background_color=&#8221;#ffffff&#8221; row_negative_margin=&#8221;disable_negative_margin&#8221; side_padding=&#8221;2&#8243; padding_top=&#8221;20&#8243; css=&#8221;.vc_custom_1484247216670{margin-top: 0px !important;margin-right: 0px !important;margin-bottom: 0px !important;margin-left: 0px !important;}&#8221;][vc_column width=&#8221;1\/4&#8243;][vc_single_image image=&#8221;808&#8243; img_size=&#8221;full&#8221; alignment=&#8221;center&#8221; qode_css_animation=&#8221;&#8221;][vc_empty_space][\/vc_column][vc_column width=&#8221;1\/4&#8243;][vc_column_text] O que \u00e9 moralogia? Moralogia \u00e9 uma ci\u00eancia...","og_url":"https:\/\/www.moralogia.org.br\/site\/","og_site_name":"Instituto de Moralogia do Brasil","article_modified_time":"2018-12-22T10:52:53+00:00","twitter_card":"summary_large_image","twitter_misc":{"Est. tempo de leitura":"4 minutos"},"schema":{"@context":"https:\/\/schema.org","@graph":[{"@type":"WebPage","@id":"https:\/\/www.moralogia.org.br\/site\/","url":"https:\/\/www.moralogia.org.br\/site\/","name":"home - Instituto de Moralogia do Brasil","isPartOf":{"@id":"https:\/\/www.moralogia.org.br\/site\/#website"},"datePublished":"2016-11-07T07:09:59+00:00","dateModified":"2018-12-22T10:52:53+00:00","breadcrumb":{"@id":"https:\/\/www.moralogia.org.br\/site\/#breadcrumb"},"inLanguage":"pt-BR","potentialAction":[{"@type":"ReadAction","target":["https:\/\/www.moralogia.org.br\/site\/"]}]},{"@type":"BreadcrumbList","@id":"https:\/\/www.moralogia.org.br\/site\/#breadcrumb","itemListElement":[{"@type":"ListItem","position":1,"name":"Home","item":"https:\/\/www.moralogia.org.br\/site\/"},{"@type":"ListItem","position":2,"name":"home"}]},{"@type":"WebSite","@id":"https:\/\/www.moralogia.org.br\/site\/#website","url":"https:\/\/www.moralogia.org.br\/site\/","name":"Instituto de Moralogia do Brasil","description":"&quot;Pratique a nobreza divina e a nobreza humana naturalmente o acompanhar\u00e1&quot;","potentialAction":[{"@type":"SearchAction","target":{"@type":"EntryPoint","urlTemplate":"https:\/\/www.moralogia.org.br\/site\/?s={search_term_string}"},"query-input":"required name=search_term_string"}],"inLanguage":"pt-BR"}]}},"_links":{"self":[{"href":"https:\/\/www.moralogia.org.br\/site\/wp-json\/wp\/v2\/pages\/4"}],"collection":[{"href":"https:\/\/www.moralogia.org.br\/site\/wp-json\/wp\/v2\/pages"}],"about":[{"href":"https:\/\/www.moralogia.org.br\/site\/wp-json\/wp\/v2\/types\/page"}],"author":[{"embeddable":true,"href":"https:\/\/www.moralogia.org.br\/site\/wp-json\/wp\/v2\/users\/2"}],"replies":[{"embeddable":true,"href":"https:\/\/www.moralogia.org.br\/site\/wp-json\/wp\/v2\/comments?post=4"}],"version-history":[{"count":113,"href":"https:\/\/www.moralogia.org.br\/site\/wp-json\/wp\/v2\/pages\/4\/revisions"}],"predecessor-version":[{"id":1255,"href":"https:\/\/www.moralogia.org.br\/site\/wp-json\/wp\/v2\/pages\/4\/revisions\/1255"}],"wp:attachment":[{"href":"https:\/\/www.moralogia.org.br\/site\/wp-json\/wp\/v2\/media?parent=4"}],"curies":[{"name":"wp","href":"https:\/\/api.w.org\/{rel}","templated":true}]}}