{"id":637,"date":"2016-12-14T15:13:18","date_gmt":"2016-12-14T15:13:18","guid":{"rendered":"http:\/\/moralogia.org.br\/site\/?page_id=637"},"modified":"2018-03-26T11:03:37","modified_gmt":"2018-03-26T11:03:37","slug":"atividades","status":"publish","type":"page","link":"https:\/\/www.moralogia.org.br\/site\/atividades\/","title":{"rendered":"Atividades"},"content":{"rendered":"<p>[vc_row css_animation=&#8221;&#8221; row_type=&#8221;row&#8221; use_row_as_full_screen_section=&#8221;no&#8221; type=&#8221;full_width&#8221; angled_section=&#8221;no&#8221; text_align=&#8221;left&#8221; background_image_as_pattern=&#8221;without_pattern&#8221;][vc_column][vc_column_text]As atividades b\u00e1sicas do Instituto s\u00e3o realizadas no <a href=\"http:\/\/moralogia.org.br\/site\/centro-educacional-itapeti\/\">Centro Educacional de Itapeti<\/a>. H\u00e1 cursos de 2, 4 ou 7 dias (4 cursos por ano) e semin\u00e1rios diversos de fim de semana (infanto-juvenil, para jovens, para senhoras, para empres\u00e1rios, Encontro da Sa\u00fade).<\/p>\n<p>Outras atividades s\u00e3o realizadas na sede do Instituto como o Encontro do in\u00edcio do ano, Festa Junina, Gincana esportiva familiar, Solenidade de Ortolino, etc., franqueados aos associados e convidados.<\/p>\n<p>Por iniciativa de seus membros, promovem-se tamb\u00e9m reuni\u00f5es familiares, semin\u00e1rios e ciclos de palestras, visando ao aprimoramento das pessoas e promover a melhoria das comunidades locais.<\/p>\n<p>Todas as nossas atividades baseiam-se na contribui\u00e7\u00e3o volunt\u00e1ria dos membros associados. Assim sendo, a infra-estrutura de atendimento pode deixar a desejar; por isso, recomenda-se sempre contactar as Seccionais e Regionais do Instituto, atrav\u00e9s da nossa sede central.<\/p>\n<p>[\/vc_column_text][\/vc_column][\/vc_row][vc_row css_animation=&#8221;&#8221; row_type=&#8221;row&#8221; use_row_as_full_screen_section=&#8221;no&#8221; type=&#8221;full_width&#8221; angled_section=&#8221;no&#8221; text_align=&#8221;left&#8221; background_image_as_pattern=&#8221;without_pattern&#8221;][vc_column][vc_empty_space height=&#8221;25px&#8221;][vc_column_text]<\/p>\n<h2>Galeria<\/h2>\n<p>[\/vc_column_text][vc_empty_space height=&#8221;25px&#8221;][vc_gallery interval=&#8221;0&#8243; images=&#8221;597,598,599,600,601,602,603,604,605,606,607,608,609,610,611,612&#8243; img_size=&#8221;full&#8221; onclick=&#8221;&#8221; enable_drag=&#8221;yes&#8221; direction_nav=&#8221;yes&#8221; control_nav=&#8221;yes&#8221; show_image_description=&#8221;yes&#8221;][\/vc_column][\/vc_row]<\/p>\n","protected":false},"excerpt":{"rendered":"<p>[vc_row css_animation=&#8221;&#8221; row_type=&#8221;row&#8221; use_row_as_full_screen_section=&#8221;no&#8221; type=&#8221;full_width&#8221; angled_section=&#8221;no&#8221; text_align=&#8221;left&#8221; background_image_as_pattern=&#8221;without_pattern&#8221;][vc_column][vc_column_text]As atividades b\u00e1sicas do Instituto s\u00e3o realizadas no Centro Educacional de Itapeti. H\u00e1 cursos de 2, 4 ou 7 dias (4 cursos por ano) e semin\u00e1rios diversos de fim de semana (infanto-juvenil, para jovens, para senhoras, para empres\u00e1rios,&#8230;<\/p>\n","protected":false},"author":2,"featured_media":0,"parent":0,"menu_order":0,"comment_status":"closed","ping_status":"closed","template":"","meta":[],"yoast_head":"<!-- This site is optimized with the Yoast SEO plugin v19.10 - https:\/\/yoast.com\/wordpress\/plugins\/seo\/ -->\n<title>Atividades - Instituto de Moralogia do Brasil<\/title>\n<meta name=\"robots\" content=\"index, follow, max-snippet:-1, max-image-preview:large, max-video-preview:-1\" \/>\n<link rel=\"canonical\" href=\"https:\/\/www.moralogia.org.br\/site\/atividades\/\" \/>\n<meta property=\"og:locale\" content=\"pt_BR\" \/>\n<meta property=\"og:type\" content=\"article\" \/>\n<meta property=\"og:title\" content=\"Atividades - Instituto de Moralogia do Brasil\" \/>\n<meta property=\"og:description\" content=\"[vc_row css_animation=&#8221;&#8221; row_type=&#8221;row&#8221; use_row_as_full_screen_section=&#8221;no&#8221; type=&#8221;full_width&#8221; angled_section=&#8221;no&#8221; text_align=&#8221;left&#8221; background_image_as_pattern=&#8221;without_pattern&#8221;][vc_column][vc_column_text]As atividades b\u00e1sicas do Instituto s\u00e3o realizadas no Centro Educacional de Itapeti. H\u00e1 cursos de 2, 4 ou 7 dias (4 cursos por ano) e semin\u00e1rios diversos de fim de semana (infanto-juvenil, para jovens, para senhoras, para empres\u00e1rios,...\" \/>\n<meta property=\"og:url\" content=\"https:\/\/www.moralogia.org.br\/site\/atividades\/\" \/>\n<meta property=\"og:site_name\" content=\"Instituto de Moralogia do Brasil\" \/>\n<meta property=\"article:modified_time\" content=\"2018-03-26T11:03:37+00:00\" \/>\n<meta name=\"twitter:card\" content=\"summary_large_image\" \/>\n<meta name=\"twitter:label1\" content=\"Est. tempo de leitura\" \/>\n\t<meta name=\"twitter:data1\" content=\"1 minuto\" \/>\n<script type=\"application\/ld+json\" class=\"yoast-schema-graph\">{\"@context\":\"https:\/\/schema.org\",\"@graph\":[{\"@type\":\"WebPage\",\"@id\":\"https:\/\/www.moralogia.org.br\/site\/atividades\/\",\"url\":\"https:\/\/www.moralogia.org.br\/site\/atividades\/\",\"name\":\"Atividades - Instituto de Moralogia do Brasil\",\"isPartOf\":{\"@id\":\"https:\/\/www.moralogia.org.br\/site\/#website\"},\"datePublished\":\"2016-12-14T15:13:18+00:00\",\"dateModified\":\"2018-03-26T11:03:37+00:00\",\"breadcrumb\":{\"@id\":\"https:\/\/www.moralogia.org.br\/site\/atividades\/#breadcrumb\"},\"inLanguage\":\"pt-BR\",\"potentialAction\":[{\"@type\":\"ReadAction\",\"target\":[\"https:\/\/www.moralogia.org.br\/site\/atividades\/\"]}]},{\"@type\":\"BreadcrumbList\",\"@id\":\"https:\/\/www.moralogia.org.br\/site\/atividades\/#breadcrumb\",\"itemListElement\":[{\"@type\":\"ListItem\",\"position\":1,\"name\":\"Home\",\"item\":\"https:\/\/www.moralogia.org.br\/site\/\"},{\"@type\":\"ListItem\",\"position\":2,\"name\":\"Atividades\"}]},{\"@type\":\"WebSite\",\"@id\":\"https:\/\/www.moralogia.org.br\/site\/#website\",\"url\":\"https:\/\/www.moralogia.org.br\/site\/\",\"name\":\"Instituto de Moralogia do Brasil\",\"description\":\"&quot;Pratique a nobreza divina e a nobreza humana naturalmente o acompanhar\u00e1&quot;\",\"potentialAction\":[{\"@type\":\"SearchAction\",\"target\":{\"@type\":\"EntryPoint\",\"urlTemplate\":\"https:\/\/www.moralogia.org.br\/site\/?s={search_term_string}\"},\"query-input\":\"required name=search_term_string\"}],\"inLanguage\":\"pt-BR\"}]}<\/script>\n<!-- \/ Yoast SEO plugin. -->","yoast_head_json":{"title":"Atividades - Instituto de Moralogia do Brasil","robots":{"index":"index","follow":"follow","max-snippet":"max-snippet:-1","max-image-preview":"max-image-preview:large","max-video-preview":"max-video-preview:-1"},"canonical":"https:\/\/www.moralogia.org.br\/site\/atividades\/","og_locale":"pt_BR","og_type":"article","og_title":"Atividades - Instituto de Moralogia do Brasil","og_description":"[vc_row css_animation=&#8221;&#8221; row_type=&#8221;row&#8221; use_row_as_full_screen_section=&#8221;no&#8221; type=&#8221;full_width&#8221; angled_section=&#8221;no&#8221; text_align=&#8221;left&#8221; background_image_as_pattern=&#8221;without_pattern&#8221;][vc_column][vc_column_text]As atividades b\u00e1sicas do Instituto s\u00e3o realizadas no Centro Educacional de Itapeti. H\u00e1 cursos de 2, 4 ou 7 dias (4 cursos por ano) e semin\u00e1rios diversos de fim de semana (infanto-juvenil, para jovens, para senhoras, para empres\u00e1rios,...","og_url":"https:\/\/www.moralogia.org.br\/site\/atividades\/","og_site_name":"Instituto de Moralogia do Brasil","article_modified_time":"2018-03-26T11:03:37+00:00","twitter_card":"summary_large_image","twitter_misc":{"Est. tempo de leitura":"1 minuto"},"schema":{"@context":"https:\/\/schema.org","@graph":[{"@type":"WebPage","@id":"https:\/\/www.moralogia.org.br\/site\/atividades\/","url":"https:\/\/www.moralogia.org.br\/site\/atividades\/","name":"Atividades - Instituto de Moralogia do Brasil","isPartOf":{"@id":"https:\/\/www.moralogia.org.br\/site\/#website"},"datePublished":"2016-12-14T15:13:18+00:00","dateModified":"2018-03-26T11:03:37+00:00","breadcrumb":{"@id":"https:\/\/www.moralogia.org.br\/site\/atividades\/#breadcrumb"},"inLanguage":"pt-BR","potentialAction":[{"@type":"ReadAction","target":["https:\/\/www.moralogia.org.br\/site\/atividades\/"]}]},{"@type":"BreadcrumbList","@id":"https:\/\/www.moralogia.org.br\/site\/atividades\/#breadcrumb","itemListElement":[{"@type":"ListItem","position":1,"name":"Home","item":"https:\/\/www.moralogia.org.br\/site\/"},{"@type":"ListItem","position":2,"name":"Atividades"}]},{"@type":"WebSite","@id":"https:\/\/www.moralogia.org.br\/site\/#website","url":"https:\/\/www.moralogia.org.br\/site\/","name":"Instituto de Moralogia do Brasil","description":"&quot;Pratique a nobreza divina e a nobreza humana naturalmente o acompanhar\u00e1&quot;","potentialAction":[{"@type":"SearchAction","target":{"@type":"EntryPoint","urlTemplate":"https:\/\/www.moralogia.org.br\/site\/?s={search_term_string}"},"query-input":"required name=search_term_string"}],"inLanguage":"pt-BR"}]}},"_links":{"self":[{"href":"https:\/\/www.moralogia.org.br\/site\/wp-json\/wp\/v2\/pages\/637"}],"collection":[{"href":"https:\/\/www.moralogia.org.br\/site\/wp-json\/wp\/v2\/pages"}],"about":[{"href":"https:\/\/www.moralogia.org.br\/site\/wp-json\/wp\/v2\/types\/page"}],"author":[{"embeddable":true,"href":"https:\/\/www.moralogia.org.br\/site\/wp-json\/wp\/v2\/users\/2"}],"replies":[{"embeddable":true,"href":"https:\/\/www.moralogia.org.br\/site\/wp-json\/wp\/v2\/comments?post=637"}],"version-history":[{"count":21,"href":"https:\/\/www.moralogia.org.br\/site\/wp-json\/wp\/v2\/pages\/637\/revisions"}],"predecessor-version":[{"id":1083,"href":"https:\/\/www.moralogia.org.br\/site\/wp-json\/wp\/v2\/pages\/637\/revisions\/1083"}],"wp:attachment":[{"href":"https:\/\/www.moralogia.org.br\/site\/wp-json\/wp\/v2\/media?parent=637"}],"curies":[{"name":"wp","href":"https:\/\/api.w.org\/{rel}","templated":true}]}}