{"id":744,"date":"2016-12-19T11:32:48","date_gmt":"2016-12-19T11:32:48","guid":{"rendered":"http:\/\/moralogia.org.br\/site\/?page_id=744"},"modified":"2025-12-15T15:59:38","modified_gmt":"2025-12-15T18:59:38","slug":"calendario-anual","status":"publish","type":"page","link":"https:\/\/www.moralogia.org.br\/site\/calendario-anual\/","title":{"rendered":"Calend\u00e1rio Anual (2026)"},"content":{"rendered":"\n<p>O quadro a seguir cont\u00e9m as atividades programadas para este ano, sujeitas, no entanto, a altera\u00e7\u00f5es. Pede-se confirmar a realiza\u00e7\u00e3o desses eventos com os Coordenadores das Seccionais\/Regionais.<\/p>\n\n\n\n<table id=\"tablepress-calendario-anual\" class=\"tablepress tablepress-id-calendario-anual\">\n<thead>\n<tr class=\"row-1 odd\">\n\t<th class=\"column-1\">M\u00eas<\/th><th class=\"column-2\">Dias<\/th><th class=\"column-3\">Atividades<\/th><th class=\"column-4\">Local<\/th>\n<\/tr>\n<\/thead>\n<tbody class=\"row-hover\">\n<tr class=\"row-2 even\">\n\t<td rowspan=\"3\" class=\"column-1\">Janeiro<\/td><td class=\"column-2\">11<\/td><td class=\"column-3\">Encontro de Ano Novo<\/td><td class=\"column-4\">Itapeti<\/td>\n<\/tr>\n<tr class=\"row-3 odd\">\n\t<td class=\"column-2\">24<\/td><td class=\"column-3\">Reuni\u00e3o de Diretoria<\/td><td class=\"column-4\">On Line<\/td>\n<\/tr>\n<tr class=\"row-4 even\">\n\t<td class=\"column-2\">26<\/td><td class=\"column-3\">Estudo das M\u00e1ximas (Kakuguen's)*<\/td><td class=\"column-4\">On Line<\/td>\n<\/tr>\n<tr class=\"row-5 odd\">\n\t<td rowspan=\"2\" class=\"column-1\">Fevereiro<\/td><td class=\"column-2\">8<\/td><td class=\"column-3\">Encontro da Fam\u00edlia<\/td><td class=\"column-4\">Itapeti<\/td>\n<\/tr>\n<tr class=\"row-6 even\">\n\t<td class=\"column-2\">23<\/td><td class=\"column-3\">Estudo das M\u00e1ximas (Kakuguen's)*<\/td><td class=\"column-4\">On Line<\/td>\n<\/tr>\n<tr class=\"row-7 odd\">\n\t<td rowspan=\"2\" class=\"column-1\">Mar\u00e7o<\/td><td class=\"column-2\">28<\/td><td class=\"column-3\">Assembleia Geral Ordin\u00e1ria<\/td><td class=\"column-4\">Kodo-SP<\/td>\n<\/tr>\n<tr class=\"row-8 even\">\n\t<td class=\"column-2\">30<\/td><td class=\"column-3\">Estudo das M\u00e1ximas (Kakuguen's)*<\/td><td class=\"column-4\">On Line<\/td>\n<\/tr>\n<tr class=\"row-9 odd\">\n\t<td rowspan=\"2\" class=\"column-1\">Abril<\/td><td class=\"column-2\">19 a 21<\/td><td class=\"column-3\">216\u00b0 Curso Intensivo (2 pernoites)<\/td><td class=\"column-4\">Itapeti<\/td>\n<\/tr>\n<tr class=\"row-10 even\">\n\t<td class=\"column-2\">27<\/td><td class=\"column-3\">Estudo das M\u00e1ximas (Kakuguen's)*<\/td><td class=\"column-4\">On Line<\/td>\n<\/tr>\n<tr class=\"row-11 odd\">\n\t<td rowspan=\"3\" class=\"column-1\">Maio<\/td><td class=\"column-2\">9<\/td><td class=\"column-3\">Reuni\u00e3o de Diretoria<\/td><td class=\"column-4\">On Line<\/td>\n<\/tr>\n<tr class=\"row-12 even\">\n\t<td class=\"column-2\">23 e 24<\/td><td class=\"column-3\">71\u00b0 Semin\u00e1rio Feminino (1 pernoite)<\/td><td class=\"column-4\">Itapeti<\/td>\n<\/tr>\n<tr class=\"row-13 odd\">\n\t<td class=\"column-2\">25<\/td><td class=\"column-3\">Estudo das M\u00e1ximas (Kakuguen's)*<\/td><td class=\"column-4\">On Line<\/td>\n<\/tr>\n<tr class=\"row-14 even\">\n\t<td rowspan=\"2\" class=\"column-1\">Junho<\/td><td class=\"column-2\">21<\/td><td class=\"column-3\">Dia de Gratid\u00e3o aos Ortolinos<\/td><td class=\"column-4\">Itapeti<\/td>\n<\/tr>\n<tr class=\"row-15 odd\">\n\t<td class=\"column-2\">29<\/td><td class=\"column-3\">Estudo das M\u00e1ximas (Kakuguen's)*<\/td><td class=\"column-4\">On Line<\/td>\n<\/tr>\n<tr class=\"row-16 even\">\n\t<td rowspan=\"2\" class=\"column-1\">Julho<\/td><td class=\"column-2\">19<\/td><td class=\"column-3\">Encontro da Fam\u00edlia (+ colheita de caf\u00e9)<\/td><td class=\"column-4\">Itapeti<\/td>\n<\/tr>\n<tr class=\"row-17 odd\">\n\t<td class=\"column-2\">29<\/td><td class=\"column-3\">Estudo das M\u00e1ximas (Kakuguen's)*<\/td><td class=\"column-4\">On Line<\/td>\n<\/tr>\n<tr class=\"row-18 even\">\n\t<td rowspan=\"3\" class=\"column-1\">Agosto<\/td><td class=\"column-2\">1<\/td><td class=\"column-3\">Reuni\u00e3o de Diretoria<\/td><td class=\"column-4\">On Line<\/td>\n<\/tr>\n<tr class=\"row-19 odd\">\n\t<td class=\"column-2\">15 e 16<\/td><td class=\"column-3\">68\u00b0 Semin\u00e1rio para Jovens<\/td><td class=\"column-4\">Itapeti<\/td>\n<\/tr>\n<tr class=\"row-20 even\">\n\t<td class=\"column-2\">31<\/td><td class=\"column-3\">Estudo das M\u00e1ximas (Kakuguen's)*<\/td><td class=\"column-4\">On Line<\/td>\n<\/tr>\n<tr class=\"row-21 odd\">\n\t<td rowspan=\"3\" class=\"column-1\">Setembro<\/td><td class=\"column-2\">5 a 7<\/td><td class=\"column-3\">217\u00b0 Curso Intensivo (2 pernoites)<\/td><td class=\"column-4\">Itapeti<\/td>\n<\/tr>\n<tr class=\"row-22 even\">\n\t<td class=\"column-2\">20<\/td><td class=\"column-3\">Undoukai (Gincana Familiar)<\/td><td class=\"column-4\">Itapeti<\/td>\n<\/tr>\n<tr class=\"row-23 odd\">\n\t<td class=\"column-2\">28<\/td><td class=\"column-3\">Estudo das M\u00e1ximas (Kakuguen's)*<\/td><td class=\"column-4\">On Line<\/td>\n<\/tr>\n<tr class=\"row-24 even\">\n\t<td rowspan=\"3\" class=\"column-1\">Outubro<\/td><td class=\"column-2\">3<\/td><td class=\"column-3\">Reuni\u00e3o de Diretoria<\/td><td class=\"column-4\">On Line<\/td>\n<\/tr>\n<tr class=\"row-25 odd\">\n\t<td class=\"column-2\">10 e 11<\/td><td class=\"column-3\">64\u00b0 Semin\u00e1rio Infanto-Juvenil<\/td><td class=\"column-4\">Itapeti<\/td>\n<\/tr>\n<tr class=\"row-26 even\">\n\t<td class=\"column-2\">26<\/td><td class=\"column-3\">Estudo das M\u00e1ximas (Kakuguen's)*<\/td><td class=\"column-4\">On Line<\/td>\n<\/tr>\n<tr class=\"row-27 odd\">\n\t<td rowspan=\"3\" class=\"column-1\">Novembro<\/td><td class=\"column-2\">8<\/td><td class=\"column-3\">24\u00b0 Encontro da Sa\u00fade<\/td><td class=\"column-4\">Itapeti<\/td>\n<\/tr>\n<tr class=\"row-28 even\">\n\t<td class=\"column-2\">29<\/td><td class=\"column-3\">Encontro da Fam\u00edlia + Confraterniza\u00e7\u00e3o<\/td><td class=\"column-4\">Itapeti<\/td>\n<\/tr>\n<tr class=\"row-29 odd\">\n\t<td class=\"column-2\">30<\/td><td class=\"column-3\">Estudo das M\u00e1ximas (Kakuguen's)*<\/td><td class=\"column-4\">On Line<\/td>\n<\/tr>\n<tr class=\"row-30 even\">\n\t<td rowspan=\"2\" class=\"column-1\">Dezembro<\/td><td class=\"column-2\">12<\/td><td class=\"column-3\">Reuni\u00e3o de Diretoria<\/td><td class=\"column-4\">On Line<\/td>\n<\/tr>\n<tr class=\"row-31 odd\">\n\t<td class=\"column-2\">14<\/td><td class=\"column-3\">Estudo das M\u00e1ximas (Kakuguen's)*<\/td><td class=\"column-4\">On Line<\/td>\n<\/tr>\n<tr class=\"row-32 even\">\n\t<td class=\"column-1\"><\/td><td class=\"column-2\"><\/td><td class=\"column-3\"><\/td><td class=\"column-4\"><\/td>\n<\/tr>\n<\/tbody>\n<\/table>\n<!-- #tablepress-calendario-anual from cache -->\n\n\n\n<p>(*) Estudo das M\u00e1ximas da Moral Suprema, as 20:00. Ver em <a href=\"https:\/\/moralogia.org.br\/kakugen\/\" target=\"_blank\" rel=\"noreferrer noopener\">https:\/\/moralogia.org.br\/kakuguen\/<\/a><\/p>\n\n\n\n<p>Nota: Programa\u00e7\u00e3o sujeita a altera\u00e7\u00f5es. Confirmem as datas com os Coordenadores das Seccionais\/Regionais e\/ou consultando <a href=\"http:\/\/www.moralogia.org.br\">http:\/\/www.moralogia.org.br<\/a> e <a href=\"http:\/\/www.facebook.com\/Moralogia\">http:\/\/www.facebook.com\/Moralogia<\/a><\/p>\n","protected":false},"excerpt":{"rendered":"<p>O quadro a seguir cont\u00e9m as atividades programadas para este ano, sujeitas, no entanto, a altera\u00e7\u00f5es. Pede-se confirmar a realiza\u00e7\u00e3o desses eventos com os Coordenadores das Seccionais\/Regionais. (*) Estudo das M\u00e1ximas da Moral Suprema, as 20:00. Ver em https:\/\/moralogia.org.br\/kakuguen\/ Nota: Programa\u00e7\u00e3o sujeita a altera\u00e7\u00f5es. Confirmem&#8230;<\/p>\n","protected":false},"author":2,"featured_media":0,"parent":0,"menu_order":0,"comment_status":"closed","ping_status":"closed","template":"","meta":[],"yoast_head":"<!-- This site is optimized with the Yoast SEO plugin v19.10 - https:\/\/yoast.com\/wordpress\/plugins\/seo\/ -->\n<title>Calend\u00e1rio Anual (2026) - Instituto de Moralogia do Brasil<\/title>\n<meta name=\"robots\" content=\"index, follow, max-snippet:-1, max-image-preview:large, max-video-preview:-1\" \/>\n<link rel=\"canonical\" href=\"https:\/\/www.moralogia.org.br\/site\/calendario-anual\/\" \/>\n<meta property=\"og:locale\" content=\"pt_BR\" \/>\n<meta property=\"og:type\" content=\"article\" \/>\n<meta property=\"og:title\" content=\"Calend\u00e1rio Anual (2026) - Instituto de Moralogia do Brasil\" \/>\n<meta property=\"og:description\" content=\"O quadro a seguir cont\u00e9m as atividades programadas para este ano, sujeitas, no entanto, a altera\u00e7\u00f5es. Pede-se confirmar a realiza\u00e7\u00e3o desses eventos com os Coordenadores das Seccionais\/Regionais. (*) Estudo das M\u00e1ximas da Moral Suprema, as 20:00. Ver em https:\/\/moralogia.org.br\/kakuguen\/ Nota: Programa\u00e7\u00e3o sujeita a altera\u00e7\u00f5es. Confirmem...\" \/>\n<meta property=\"og:url\" content=\"https:\/\/www.moralogia.org.br\/site\/calendario-anual\/\" \/>\n<meta property=\"og:site_name\" content=\"Instituto de Moralogia do Brasil\" \/>\n<meta property=\"article:modified_time\" content=\"2025-12-15T18:59:38+00:00\" \/>\n<meta name=\"twitter:card\" content=\"summary_large_image\" \/>\n<meta name=\"twitter:label1\" content=\"Est. tempo de leitura\" \/>\n\t<meta name=\"twitter:data1\" content=\"1 minuto\" \/>\n<script type=\"application\/ld+json\" class=\"yoast-schema-graph\">{\"@context\":\"https:\/\/schema.org\",\"@graph\":[{\"@type\":\"WebPage\",\"@id\":\"https:\/\/www.moralogia.org.br\/site\/calendario-anual\/\",\"url\":\"https:\/\/www.moralogia.org.br\/site\/calendario-anual\/\",\"name\":\"Calend\u00e1rio Anual (2026) - Instituto de Moralogia do Brasil\",\"isPartOf\":{\"@id\":\"https:\/\/www.moralogia.org.br\/site\/#website\"},\"datePublished\":\"2016-12-19T11:32:48+00:00\",\"dateModified\":\"2025-12-15T18:59:38+00:00\",\"breadcrumb\":{\"@id\":\"https:\/\/www.moralogia.org.br\/site\/calendario-anual\/#breadcrumb\"},\"inLanguage\":\"pt-BR\",\"potentialAction\":[{\"@type\":\"ReadAction\",\"target\":[\"https:\/\/www.moralogia.org.br\/site\/calendario-anual\/\"]}]},{\"@type\":\"BreadcrumbList\",\"@id\":\"https:\/\/www.moralogia.org.br\/site\/calendario-anual\/#breadcrumb\",\"itemListElement\":[{\"@type\":\"ListItem\",\"position\":1,\"name\":\"Home\",\"item\":\"https:\/\/www.moralogia.org.br\/site\/\"},{\"@type\":\"ListItem\",\"position\":2,\"name\":\"Calend\u00e1rio Anual (2026)\"}]},{\"@type\":\"WebSite\",\"@id\":\"https:\/\/www.moralogia.org.br\/site\/#website\",\"url\":\"https:\/\/www.moralogia.org.br\/site\/\",\"name\":\"Instituto de Moralogia do Brasil\",\"description\":\"&quot;Pratique a nobreza divina e a nobreza humana naturalmente o acompanhar\u00e1&quot;\",\"potentialAction\":[{\"@type\":\"SearchAction\",\"target\":{\"@type\":\"EntryPoint\",\"urlTemplate\":\"https:\/\/www.moralogia.org.br\/site\/?s={search_term_string}\"},\"query-input\":\"required name=search_term_string\"}],\"inLanguage\":\"pt-BR\"}]}<\/script>\n<!-- \/ Yoast SEO plugin. -->","yoast_head_json":{"title":"Calend\u00e1rio Anual (2026) - Instituto de Moralogia do Brasil","robots":{"index":"index","follow":"follow","max-snippet":"max-snippet:-1","max-image-preview":"max-image-preview:large","max-video-preview":"max-video-preview:-1"},"canonical":"https:\/\/www.moralogia.org.br\/site\/calendario-anual\/","og_locale":"pt_BR","og_type":"article","og_title":"Calend\u00e1rio Anual (2026) - Instituto de Moralogia do Brasil","og_description":"O quadro a seguir cont\u00e9m as atividades programadas para este ano, sujeitas, no entanto, a altera\u00e7\u00f5es. Pede-se confirmar a realiza\u00e7\u00e3o desses eventos com os Coordenadores das Seccionais\/Regionais. (*) Estudo das M\u00e1ximas da Moral Suprema, as 20:00. Ver em https:\/\/moralogia.org.br\/kakuguen\/ Nota: Programa\u00e7\u00e3o sujeita a altera\u00e7\u00f5es. Confirmem...","og_url":"https:\/\/www.moralogia.org.br\/site\/calendario-anual\/","og_site_name":"Instituto de Moralogia do Brasil","article_modified_time":"2025-12-15T18:59:38+00:00","twitter_card":"summary_large_image","twitter_misc":{"Est. tempo de leitura":"1 minuto"},"schema":{"@context":"https:\/\/schema.org","@graph":[{"@type":"WebPage","@id":"https:\/\/www.moralogia.org.br\/site\/calendario-anual\/","url":"https:\/\/www.moralogia.org.br\/site\/calendario-anual\/","name":"Calend\u00e1rio Anual (2026) - Instituto de Moralogia do Brasil","isPartOf":{"@id":"https:\/\/www.moralogia.org.br\/site\/#website"},"datePublished":"2016-12-19T11:32:48+00:00","dateModified":"2025-12-15T18:59:38+00:00","breadcrumb":{"@id":"https:\/\/www.moralogia.org.br\/site\/calendario-anual\/#breadcrumb"},"inLanguage":"pt-BR","potentialAction":[{"@type":"ReadAction","target":["https:\/\/www.moralogia.org.br\/site\/calendario-anual\/"]}]},{"@type":"BreadcrumbList","@id":"https:\/\/www.moralogia.org.br\/site\/calendario-anual\/#breadcrumb","itemListElement":[{"@type":"ListItem","position":1,"name":"Home","item":"https:\/\/www.moralogia.org.br\/site\/"},{"@type":"ListItem","position":2,"name":"Calend\u00e1rio Anual (2026)"}]},{"@type":"WebSite","@id":"https:\/\/www.moralogia.org.br\/site\/#website","url":"https:\/\/www.moralogia.org.br\/site\/","name":"Instituto de Moralogia do Brasil","description":"&quot;Pratique a nobreza divina e a nobreza humana naturalmente o acompanhar\u00e1&quot;","potentialAction":[{"@type":"SearchAction","target":{"@type":"EntryPoint","urlTemplate":"https:\/\/www.moralogia.org.br\/site\/?s={search_term_string}"},"query-input":"required name=search_term_string"}],"inLanguage":"pt-BR"}]}},"_links":{"self":[{"href":"https:\/\/www.moralogia.org.br\/site\/wp-json\/wp\/v2\/pages\/744"}],"collection":[{"href":"https:\/\/www.moralogia.org.br\/site\/wp-json\/wp\/v2\/pages"}],"about":[{"href":"https:\/\/www.moralogia.org.br\/site\/wp-json\/wp\/v2\/types\/page"}],"author":[{"embeddable":true,"href":"https:\/\/www.moralogia.org.br\/site\/wp-json\/wp\/v2\/users\/2"}],"replies":[{"embeddable":true,"href":"https:\/\/www.moralogia.org.br\/site\/wp-json\/wp\/v2\/comments?post=744"}],"version-history":[{"count":18,"href":"https:\/\/www.moralogia.org.br\/site\/wp-json\/wp\/v2\/pages\/744\/revisions"}],"predecessor-version":[{"id":1389,"href":"https:\/\/www.moralogia.org.br\/site\/wp-json\/wp\/v2\/pages\/744\/revisions\/1389"}],"wp:attachment":[{"href":"https:\/\/www.moralogia.org.br\/site\/wp-json\/wp\/v2\/media?parent=744"}],"curies":[{"name":"wp","href":"https:\/\/api.w.org\/{rel}","templated":true}]}}