{"id":844,"date":"2017-01-12T15:51:11","date_gmt":"2017-01-12T15:51:11","guid":{"rendered":"http:\/\/moralogia.org.br\/site\/?page_id=844"},"modified":"2018-03-26T11:28:19","modified_gmt":"2018-03-26T11:28:19","slug":"centro-educacional-itapeti","status":"publish","type":"page","link":"https:\/\/www.moralogia.org.br\/site\/centro-educacional-itapeti\/","title":{"rendered":"Centro Educacional de Itapeti"},"content":{"rendered":"<p>[vc_row css_animation=&#8221;&#8221; row_type=&#8221;row&#8221; use_row_as_full_screen_section=&#8221;no&#8221; type=&#8221;full_width&#8221; angled_section=&#8221;no&#8221; text_align=&#8221;left&#8221; background_image_as_pattern=&#8221;without_pattern&#8221;][vc_column][vc_column_text]O Centro Educacional junto \u00e0 Serra do Itapeti, no munic\u00edpio de Mogi das Cruzes, S\u00e3o Paulo, foi inaugurado em 1980 com o objetivo de oferecer aos interessados um ambiente de aprendizado sistem\u00e1tico e organizado sobre a Moralogia. Desde ent\u00e3o, as atividades t\u00eam sido sustentadas pela contribui\u00e7\u00e3o volunt\u00e1ria de seus associados, em todos os aspectos, financeiros e de recursos humanos.<\/p>\n<p>A atividade b\u00e1sica \u00e9 o curso de 2, 4 ou 7 dias (4 cursos por ano) e semin\u00e1rios diversos de fim de semana (infanto-juvenil, para jovens, para senhoras, para empres\u00e1rios).<\/p>\n<p>O curso tem dois objetivos: o conhecimento te\u00f3rico da Moralogia; e o aprimoramento m\u00fatuo do car\u00e1ter atrav\u00e9s do conv\u00edvio comunit\u00e1rio. A regra geral \u00e9 a autodisciplina, cada um agindo com responsabilidade, autonomia e espontaneidade, pensando constantemente na harmonia e no bem-estar do conjunto.<\/p>\n<p>As instala\u00e7\u00f5es comportam cerca de 70 pessoas. Desde a sua inaugura\u00e7\u00e3o (1980) mais de 8.000 pessoas j\u00e1 participaram dos cursos e semin\u00e1rios, provenientes de diversas partes do Brasil e algumas de Peru, Chile, Bol\u00edvia, Argentina e Paraguai.<\/p>\n<p>Os requisitos para participar desse curso s\u00e3o:<\/p>\n<p>a) Maior de 16 anos, sa\u00fade e condi\u00e7\u00f5es de conviver em grupo durante 5 a 7 dias.<br \/>\nb) Materiais necess\u00e1rios: Vestu\u00e1rio para uma semana, roupas para pequenas tarefas em mutir\u00e3o, sand\u00e1lia, agasalho, caderno e artigos de higiene pessoal.<br \/>\nc) Despesas: Prever pequenas despesas para aquisi\u00e7\u00e3o do livro-texto \u2013 se desejar \u2013 e para artigos pessoais.<br \/>\nd) Inscri\u00e7\u00e3o para o curso: Contatar as Regionais\/Seccionais.[\/vc_column_text][\/vc_column][\/vc_row][vc_row css_animation=&#8221;&#8221; row_type=&#8221;row&#8221; use_row_as_full_screen_section=&#8221;no&#8221; type=&#8221;full_width&#8221; angled_section=&#8221;no&#8221; text_align=&#8221;left&#8221; background_image_as_pattern=&#8221;without_pattern&#8221;][vc_column][vc_empty_space height=&#8221;25px&#8221;][vc_column_text]<\/p>\n<h2>Galeria de Fotos<\/h2>\n<p>[\/vc_column_text][vc_empty_space height=&#8221;25px&#8221;][vc_gallery interval=&#8221;0&#8243; images=&#8221;730,731,732,733,734,735,736,737,738,739,740,741&#8243; img_size=&#8221;full&#8221; onclick=&#8221;&#8221; direction_nav=&#8221;yes&#8221; control_nav=&#8221;yes&#8221; show_image_description=&#8221;yes&#8221;][\/vc_column][\/vc_row][vc_row css_animation=&#8221;&#8221; row_type=&#8221;row&#8221; use_row_as_full_screen_section=&#8221;no&#8221; type=&#8221;full_width&#8221; angled_section=&#8221;no&#8221; text_align=&#8221;left&#8221; background_image_as_pattern=&#8221;without_pattern&#8221;][vc_column][vc_column_text]<\/p>\n<h2>Mapa<\/h2>\n<p>Mapa de localiza\u00e7\u00e3o do Centro Educacional de Itapeti<\/p>\n<div class='google_map_shortcode_holder' style='height:300px;'><div class='qode_google_map' style='height:300px;' id='map_canvas_12438' data-addresses='[\"-23.438499,-46.205892\"]' data-custom-map-style='true' data-color-overlay='#020202' data-saturation='-100' data-lightness='50' data-zoom='13' data-pin='https:\/\/www.moralogia.org.br\/site\/wp-content\/themes\/bridge\/img\/pin.png' data-unique-id='12438' data-google-maps-scroll-wheel='false' data-snazzy-map-style='no' data-map-height='300'><\/div><div class='google_map_shortcode_overlay'><\/div><\/div>[\/vc_column_text][vc_empty_space height=&#8221;25px&#8221;][\/vc_column][\/vc_row]<\/p>\n","protected":false},"excerpt":{"rendered":"<p>[vc_row css_animation=&#8221;&#8221; row_type=&#8221;row&#8221; use_row_as_full_screen_section=&#8221;no&#8221; type=&#8221;full_width&#8221; angled_section=&#8221;no&#8221; text_align=&#8221;left&#8221; background_image_as_pattern=&#8221;without_pattern&#8221;][vc_column][vc_column_text]O Centro Educacional junto \u00e0 Serra do Itapeti, no munic\u00edpio de Mogi das Cruzes, S\u00e3o Paulo, foi inaugurado em 1980 com o objetivo de oferecer aos interessados um ambiente de aprendizado sistem\u00e1tico e organizado sobre a Moralogia. Desde&#8230;<\/p>\n","protected":false},"author":2,"featured_media":0,"parent":0,"menu_order":0,"comment_status":"closed","ping_status":"closed","template":"","meta":[],"yoast_head":"<!-- This site is optimized with the Yoast SEO plugin v19.10 - https:\/\/yoast.com\/wordpress\/plugins\/seo\/ -->\n<title>Centro Educacional de Itapeti - Instituto de Moralogia do Brasil<\/title>\n<meta name=\"robots\" content=\"index, follow, max-snippet:-1, max-image-preview:large, max-video-preview:-1\" \/>\n<link rel=\"canonical\" href=\"https:\/\/www.moralogia.org.br\/site\/centro-educacional-itapeti\/\" \/>\n<meta property=\"og:locale\" content=\"pt_BR\" \/>\n<meta property=\"og:type\" content=\"article\" \/>\n<meta property=\"og:title\" content=\"Centro Educacional de Itapeti - Instituto de Moralogia do Brasil\" \/>\n<meta property=\"og:description\" content=\"[vc_row css_animation=&#8221;&#8221; row_type=&#8221;row&#8221; use_row_as_full_screen_section=&#8221;no&#8221; type=&#8221;full_width&#8221; angled_section=&#8221;no&#8221; text_align=&#8221;left&#8221; background_image_as_pattern=&#8221;without_pattern&#8221;][vc_column][vc_column_text]O Centro Educacional junto \u00e0 Serra do Itapeti, no munic\u00edpio de Mogi das Cruzes, S\u00e3o Paulo, foi inaugurado em 1980 com o objetivo de oferecer aos interessados um ambiente de aprendizado sistem\u00e1tico e organizado sobre a Moralogia. Desde...\" \/>\n<meta property=\"og:url\" content=\"https:\/\/www.moralogia.org.br\/site\/centro-educacional-itapeti\/\" \/>\n<meta property=\"og:site_name\" content=\"Instituto de Moralogia do Brasil\" \/>\n<meta property=\"article:modified_time\" content=\"2018-03-26T11:28:19+00:00\" \/>\n<meta name=\"twitter:card\" content=\"summary_large_image\" \/>\n<meta name=\"twitter:label1\" content=\"Est. tempo de leitura\" \/>\n\t<meta name=\"twitter:data1\" content=\"2 minutos\" \/>\n<script type=\"application\/ld+json\" class=\"yoast-schema-graph\">{\"@context\":\"https:\/\/schema.org\",\"@graph\":[{\"@type\":\"WebPage\",\"@id\":\"https:\/\/www.moralogia.org.br\/site\/centro-educacional-itapeti\/\",\"url\":\"https:\/\/www.moralogia.org.br\/site\/centro-educacional-itapeti\/\",\"name\":\"Centro Educacional de Itapeti - Instituto de Moralogia do Brasil\",\"isPartOf\":{\"@id\":\"https:\/\/www.moralogia.org.br\/site\/#website\"},\"datePublished\":\"2017-01-12T15:51:11+00:00\",\"dateModified\":\"2018-03-26T11:28:19+00:00\",\"breadcrumb\":{\"@id\":\"https:\/\/www.moralogia.org.br\/site\/centro-educacional-itapeti\/#breadcrumb\"},\"inLanguage\":\"pt-BR\",\"potentialAction\":[{\"@type\":\"ReadAction\",\"target\":[\"https:\/\/www.moralogia.org.br\/site\/centro-educacional-itapeti\/\"]}]},{\"@type\":\"BreadcrumbList\",\"@id\":\"https:\/\/www.moralogia.org.br\/site\/centro-educacional-itapeti\/#breadcrumb\",\"itemListElement\":[{\"@type\":\"ListItem\",\"position\":1,\"name\":\"Home\",\"item\":\"https:\/\/www.moralogia.org.br\/site\/\"},{\"@type\":\"ListItem\",\"position\":2,\"name\":\"Centro Educacional de Itapeti\"}]},{\"@type\":\"WebSite\",\"@id\":\"https:\/\/www.moralogia.org.br\/site\/#website\",\"url\":\"https:\/\/www.moralogia.org.br\/site\/\",\"name\":\"Instituto de Moralogia do Brasil\",\"description\":\"&quot;Pratique a nobreza divina e a nobreza humana naturalmente o acompanhar\u00e1&quot;\",\"potentialAction\":[{\"@type\":\"SearchAction\",\"target\":{\"@type\":\"EntryPoint\",\"urlTemplate\":\"https:\/\/www.moralogia.org.br\/site\/?s={search_term_string}\"},\"query-input\":\"required name=search_term_string\"}],\"inLanguage\":\"pt-BR\"}]}<\/script>\n<!-- \/ Yoast SEO plugin. -->","yoast_head_json":{"title":"Centro Educacional de Itapeti - Instituto de Moralogia do Brasil","robots":{"index":"index","follow":"follow","max-snippet":"max-snippet:-1","max-image-preview":"max-image-preview:large","max-video-preview":"max-video-preview:-1"},"canonical":"https:\/\/www.moralogia.org.br\/site\/centro-educacional-itapeti\/","og_locale":"pt_BR","og_type":"article","og_title":"Centro Educacional de Itapeti - Instituto de Moralogia do Brasil","og_description":"[vc_row css_animation=&#8221;&#8221; row_type=&#8221;row&#8221; use_row_as_full_screen_section=&#8221;no&#8221; type=&#8221;full_width&#8221; angled_section=&#8221;no&#8221; text_align=&#8221;left&#8221; background_image_as_pattern=&#8221;without_pattern&#8221;][vc_column][vc_column_text]O Centro Educacional junto \u00e0 Serra do Itapeti, no munic\u00edpio de Mogi das Cruzes, S\u00e3o Paulo, foi inaugurado em 1980 com o objetivo de oferecer aos interessados um ambiente de aprendizado sistem\u00e1tico e organizado sobre a Moralogia. Desde...","og_url":"https:\/\/www.moralogia.org.br\/site\/centro-educacional-itapeti\/","og_site_name":"Instituto de Moralogia do Brasil","article_modified_time":"2018-03-26T11:28:19+00:00","twitter_card":"summary_large_image","twitter_misc":{"Est. tempo de leitura":"2 minutos"},"schema":{"@context":"https:\/\/schema.org","@graph":[{"@type":"WebPage","@id":"https:\/\/www.moralogia.org.br\/site\/centro-educacional-itapeti\/","url":"https:\/\/www.moralogia.org.br\/site\/centro-educacional-itapeti\/","name":"Centro Educacional de Itapeti - Instituto de Moralogia do Brasil","isPartOf":{"@id":"https:\/\/www.moralogia.org.br\/site\/#website"},"datePublished":"2017-01-12T15:51:11+00:00","dateModified":"2018-03-26T11:28:19+00:00","breadcrumb":{"@id":"https:\/\/www.moralogia.org.br\/site\/centro-educacional-itapeti\/#breadcrumb"},"inLanguage":"pt-BR","potentialAction":[{"@type":"ReadAction","target":["https:\/\/www.moralogia.org.br\/site\/centro-educacional-itapeti\/"]}]},{"@type":"BreadcrumbList","@id":"https:\/\/www.moralogia.org.br\/site\/centro-educacional-itapeti\/#breadcrumb","itemListElement":[{"@type":"ListItem","position":1,"name":"Home","item":"https:\/\/www.moralogia.org.br\/site\/"},{"@type":"ListItem","position":2,"name":"Centro Educacional de Itapeti"}]},{"@type":"WebSite","@id":"https:\/\/www.moralogia.org.br\/site\/#website","url":"https:\/\/www.moralogia.org.br\/site\/","name":"Instituto de Moralogia do Brasil","description":"&quot;Pratique a nobreza divina e a nobreza humana naturalmente o acompanhar\u00e1&quot;","potentialAction":[{"@type":"SearchAction","target":{"@type":"EntryPoint","urlTemplate":"https:\/\/www.moralogia.org.br\/site\/?s={search_term_string}"},"query-input":"required name=search_term_string"}],"inLanguage":"pt-BR"}]}},"_links":{"self":[{"href":"https:\/\/www.moralogia.org.br\/site\/wp-json\/wp\/v2\/pages\/844"}],"collection":[{"href":"https:\/\/www.moralogia.org.br\/site\/wp-json\/wp\/v2\/pages"}],"about":[{"href":"https:\/\/www.moralogia.org.br\/site\/wp-json\/wp\/v2\/types\/page"}],"author":[{"embeddable":true,"href":"https:\/\/www.moralogia.org.br\/site\/wp-json\/wp\/v2\/users\/2"}],"replies":[{"embeddable":true,"href":"https:\/\/www.moralogia.org.br\/site\/wp-json\/wp\/v2\/comments?post=844"}],"version-history":[{"count":7,"href":"https:\/\/www.moralogia.org.br\/site\/wp-json\/wp\/v2\/pages\/844\/revisions"}],"predecessor-version":[{"id":1087,"href":"https:\/\/www.moralogia.org.br\/site\/wp-json\/wp\/v2\/pages\/844\/revisions\/1087"}],"wp:attachment":[{"href":"https:\/\/www.moralogia.org.br\/site\/wp-json\/wp\/v2\/media?parent=844"}],"curies":[{"name":"wp","href":"https:\/\/api.w.org\/{rel}","templated":true}]}}